{"id":842,"date":"2026-01-21T09:05:44","date_gmt":"2026-01-21T09:05:44","guid":{"rendered":"https:\/\/dev.kwicher.pl\/statlook\/polityka-prywatnosci\/"},"modified":"2026-05-10T08:40:53","modified_gmt":"2026-05-10T08:40:53","slug":"privacy-policy","status":"publish","type":"page","link":"https:\/\/www.statlook.com\/en\/privacy-policy\/","title":{"rendered":"Polityka prywatno\u015bci"},"content":{"rendered":"&#13;\n<section id=\"section-15-3\" class=\" ct-section\">&#13;\n<div class=\"ct-section-inner-wrap\">&#13;\n<h2 id=\"headline-16-3\" class=\"ct-headline wp-block-heading\">Uprzejmie informujemy, \u017ce media-press.tv Sp\u00f3\u0142ka akcyjna z siedzib\u0105 w Krakowie (kod: 30-047) przy ul. Karola Szymanowskiego 1\/15, wpisana do rejestru przedsi\u0119biorc\u00f3w Krajowego Rejestru S\u0105dowego prowadzonego przez S\u0105d Rejonowy dla Krakowa-\u015ar\u00f3dmie\u015bcia w Krakowie, Wydzia\u0142 XI Gospodarczy KRS, pod numerem: 0000011065, kapita\u0142 zak\u0142adowy 5.200.000,00 z\u0142, w pe\u0142ni op\u0142acony, numer NIP: 527-234-17-98, numer REGON: 017291553 (w dalszej cz\u0119\u015bci okre\u015blona jako \u201eMEDIA-PRESS.TV\u201d lub \u201eAdministrator\u201d), od dnia 25 maja 2018 roku przetwarza dane osobowe zgodnie z wymaganiami Rozporz\u0105dzenia Parlamentu Europejskiego i Rady (UE) 2016\/679 z dnia 27 kwietnia 2016 r. (Dz.Urz.UE.L. 2016.119.1) w sprawie ochrony os\u00f3b fizycznych w zwi\u0105zku z przetwarzaniem danych osobowych i w sprawie swobodnego przep\u0142ywu takich danych oraz uchylenia dyrektywy 95\/46\/WE w dalszej cz\u0119\u015bci okre\u015blonego jako \u201eRozporz\u0105dzenie RODO\u201d lub \u201eRODO\/ GDPR\u201d.<\/h2>&#13;\n<p id=\"text_block-18-3\" class=\"ct-text-block\">lub zg\u0142asza\u0107 telefonicznie pod numerem +48126312550.<\/p>&#13;\n<\/div>&#13;\n<\/section>&#13;\n<section id=\"section-20-3\" class=\" ct-section\">&#13;\n<div class=\"ct-section-inner-wrap\">&#13;\n<div id=\"text_block-21-3\" class=\"ct-text-block\">1. MEDIA-PRESS.TV przetwarza dane osobowe zgodnie z prawem, i wy\u0142\u0105cznie w przypadkach, gdy spe\u0142niony jest co najmniej jeden z warunk\u00f3w okre\u015blonych w artykule 6 ust. 1 Rozporz\u0105dzenia RODO, w szczeg\u00f3lno\u015bci:<br\/>1.1. osoba, kt\u00f3rej dane dotycz\u0105 wyrazi\u0142a na to zgod\u0119;<br\/>1.2 przetwarzanie jest niezb\u0119dne do wykonania umowy;<br\/>1.3. przetwarzanie jest niezb\u0119dne do wype\u0142nienia obowi\u0105zku prawnego ci\u0105\u017c\u0105cego na administratorze;<br\/>1.4. przetwarzanie jest niezb\u0119dne do ochrony \u017cywotnych interes\u00f3w osoby, kt\u00f3rej dane dotycz\u0105, lub innej osoby fizycznej;<br\/>1.5. przetwarzanie jest niezb\u0119dne do cel\u00f3w wynikaj\u0105cych z prawnie uzasadnionych interes\u00f3w realizowanych przez administratora lub przez stron\u0119 trzeci\u0105.<br\/><br\/>2. W procesie przetwarzania danych osobowych, MEDIA-PRESS.TV stosuje nast\u0119puj\u0105ce zasady:<br\/>2.1. rzetelno\u015b\u0107 i przejrzysto\u015b\u0107 \u2013 dane osobowe s\u0105 przetwarzane w spos\u00f3b przejrzysty dla osoby, kt\u00f3rej dane dotycz\u0105, a osoba ta ma mo\u017cliwo\u015b\u0107 wgl\u0105du w przetwarzane swoje dane oraz otrzymuje informacj\u0119 o celach i zasadach przetwarzania w chwili pozyskiwania danych osobowych, jak r\u00f3wnie\u017c informacj\u0119 o przys\u0142uguj\u0105cych jej prawach w zwi\u0105zku z przetwarzaniem danych osobowych;<br\/>2.2. ograniczenie celu \u2013 zbieranie i przetwarzanie danych odbywa si\u0119 wy\u0142\u0105cznie w konkretnych, wyra\u017anych i prawnie uzasadnionych celach;<br\/>2.3. minimalizacja danych \u2013 przetwarzane dane s\u0105 adekwatne do celu, kt\u00f3remu s\u0142u\u017c\u0105, w zwi\u0105zku z czym nie przetwarza si\u0119 danych, kt\u00f3re mo\u017cna uzna\u0107 za nadmiarowe lub zb\u0119dne;<br\/>2.4. prawid\u0142owo\u015b\u0107 \u2013 Media-Press.TV dok\u0142ada wszelkiej staranno\u015bci, aby przetwarzane dane by\u0142y zgodne ze stanem faktycznym, a osoby kt\u00f3rych dane s\u0105 przetwarzane mia\u0142y nieskr\u0119powane prawo wgl\u0105du do tych danych oraz ich uzupe\u0142nienia lub sprostowania;<br\/>2.5. ograniczenie przechowywania \u2013 dane osobowe przechowywane s\u0105 wy\u0142\u0105cznie w okresie niezb\u0119dnym do realizacji cel\u00f3w, a po tym okresie s\u0105 trwale usuwane;<br\/>2.6. integralno\u015b\u0107 i poufno\u015b\u0107 \u2013 MEDIA-PRESS.TV stosuje \u015brodki bezpiecze\u0144stwa technicznego i organizacyjnego, kt\u00f3re chroni\u0105 dane przed przypadkowym lub niezgodnym z prawem ujawnieniem, a tak\u017ce pozwalaj\u0105 na ich ochron\u0119 przed przypadkowym lub niezgodnym z prawem zniszczeniem lub modyfikacj\u0105;<br\/>2.7. rozliczalno\u015b\u0107 \u2013 MEDIA-PRESS.TV dokumentuje proces przetwarzania danych osobowych.<br\/><br\/>3. Osobom kt\u00f3rych dane s\u0105 przetwarzane przys\u0142uguj\u0105 nast\u0119puj\u0105ce prawa, o ile nie s\u0105 one ograniczone innymi przepisami prawa albo uniemo\u017cliwiaj\u0105 zrealizowanie celu, kt\u00f3rego dotycz\u0105:<br\/>a) prawo do informacji realizowane w chwili pozyskiwania danych oraz w procesie przetwarzania;<br\/>b) prawo do sprostowania danych;<br\/>c) prawo do bycia zapomnianym;<br\/>d) prawo do ograniczenia przetwarzania;<br\/>e) prawo do przenoszenia danych;<br\/>f) prawo do sprzeciwu.<br\/><br\/>4. W procesie przetwarzania danych osobowych MEDIA-PRESS.TV korzysta z us\u0142ug innych podmiot\u00f3w, kt\u00f3re przetwarzaj\u0105 dane osobowe w jego imieniu. Powierzenie przetwarzania danych osobowych zlecane jest tylko i wy\u0142\u0105cznie podmiotom, kt\u00f3re gwarantuj\u0105 ich bezpiecze\u0144stwo zgodnie z wymaganiami przepis\u00f3w prawa oraz standardami bezpiecze\u0144stwa obowi\u0105zuj\u0105cymi w MEDIA-PRESS.TV.<br\/><br\/>5. W celu zapewnienia bezpiecze\u0144stwa danych osobowych, MEDIA-PRESS.TV stosuje zabezpieczenia techniczne i organizacyjne, kt\u00f3re chroni\u0105 dane przed przypadkowym lub niezgodnym z prawem zniszczeniem, utraceniem, zmodyfikowaniem, przed nieuprawnionym ujawnieniem lub nieuprawnionym dost\u0119pem do danych osobowych przesy\u0142anych, przechowywanych lub w inny spos\u00f3b przetwarzanych \u2013 i mog\u0105cych w szczeg\u00f3lno\u015bci prowadzi\u0107 do uszczerbku fizycznego, szk\u00f3d maj\u0105tkowych lub niemaj\u0105tkowych, w szczeg\u00f3lno\u015bci poprzez:<br\/><br\/>a) wyznaczanie Inspektora Ochrony Danych w przypadkach przewidzianych w Rozporz\u0105dzeniu RODO i o ile taki obowi\u0105zek ci\u0105\u017cy\u0107 b\u0119dzie na administratorze;<br\/>b) przetwarzanie danych osobowych wy\u0142\u0105cznie przez osoby upowa\u017cnione, posiadaj\u0105ce wiedz\u0119 na temat zasad bezpiecze\u0144stwa i obowi\u0105zk\u00f3w wynikaj\u0105cych z Rozporz\u0105dzenia RODO;<br\/>c) korzystanie ze sprz\u0119tu komputerowego, oprogramowania, infrastruktury teleinformatycznej wyposa\u017conych w zabezpieczenia zapewniaj\u0105ce zdolno\u015b\u0107 do ci\u0105g\u0142ego zapewnienia poufno\u015bci, integralno\u015bci, dost\u0119pno\u015bci i odporno\u015bci system\u00f3w i us\u0142ug przetwarzania oraz zdolno\u015b\u0107 do szybkiego przywr\u00f3cenia dost\u0119pno\u015bci danych osobowych i dost\u0119pu do nich w razie incydentu fizycznego lub technicznego.<br\/><br\/>6. Ka\u017cdorazowo przed rozpocz\u0119ciem przetwarzania danych osobowych, a tak\u017ce okresowo, dokonuje si\u0119 przegl\u0105du proces\u00f3w przetwarzania i ocenia skutki dla ochrony danych oraz ryzyko ewentualnego naruszenia praw i wolno\u015bci os\u00f3b w zwi\u0105zku z przetwarzaniem danych.<br\/><br\/>7. W zale\u017cno\u015bci od efekt\u00f3w analizy wspomnianej powy\u017cej, MEDIA-PRESS.TV podejmuje odpowiednie \u015brodki zaradcze w celu minimalizowania ryzyka oraz doskonalenia systemu bezpiecze\u0144stwa.<br\/><br\/>8. Wobec danych osobowych przetwarzanych przez MEDIA-PRESS.TV nie b\u0119d\u0105 stosowane techniki przetwarzania danych polegaj\u0105ce na profilowaniu osoby fizycznej.<br\/><br\/><span id=\"span-29-3\" class=\"ct-span\">9. DANE KLIENT\u00d3W<\/span><br\/>9.1. Dane osobowe klient\u00f3w, czyli odbiorc\u00f3w us\u0142ug i produkt\u00f3w MEDIA-PRESS.TV, s\u0105 przetwarzane w celu zrealizowania umowy sprzeda\u017cy, polegaj\u0105cej na dostarczaniu klientom produkt\u00f3w i us\u0142ug MEDIA-PRESS.TV. Podstaw\u0105 prawn\u0105 przetwarzania jest umowa zawarta pomi\u0119dzy MEDIA-PRESS.TV a firm\u0105 klienta w trybie art. 6 ust. 1 lit. b og\u00f3lnego rozporz\u0105dzenia o ochronie danych osobowych (RODO\/GDPR).<br\/>9.2. Odbiorcami tych danych osobowych s\u0105 podmioty uprawnione na podstawie obowi\u0105zuj\u0105cego prawa oraz podmioty \u015bwiadcz\u0105ce us\u0142ugi w imieniu MEDIA-PRESS.TV, na podstawie zawartych um\u00f3w powierzenia przetwarzania danych.<br\/>9.3. Dane osobowe klient\u00f3w przetwarzane s\u0105 w okresie niezb\u0119dnym do spe\u0142nienia obowi\u0105zk\u00f3w na\u0142o\u017conych na MEDIA-PRESS.TV przez prawo oraz w okresie niezb\u0119dnym do ustalenia, dochodzenia lub obrony roszcze\u0144, wynikaj\u0105cych z zawartych um\u00f3w.<br\/>9.4. Osobom przys\u0142uguje prawo wgl\u0105du w swoje dane osobowe i ich sprostowania oraz prawo \u017c\u0105dania usuni\u0119cia lub ograniczenia przetwarzania lub prawo do wniesienia sprzeciwu wobec przetwarzania, a tak\u017ce prawo do przenoszenia danych osobowych, o ile zrealizowanie tych praw nie b\u0119dzie sprzeczne z obowi\u0105zkami na\u0142o\u017conymi na administratora przez przepisy og\u00f3lnie obowi\u0105zuj\u0105cego prawa lub uniemo\u017cliwi\u0105 one wykonanie celu, dla kt\u00f3rego s\u0105 przetwarzane.<br\/>9.5. Osobom przys\u0142uguje tak\u017ce prawo wniesienia skargi do organu nadzorczego, w przypadku stwierdzenia, \u017ce ich dane osobowe s\u0105 przetwarzane niezgodnie z prawem.<br\/>9.6. Podanie danych osobowych jest dobrowolne, ale niezb\u0119dne do zrealizowania przedmiotu umowy sprzeda\u017cy.<br\/>9.7. MEDIA-PRESS.TV nie wykorzystuje danych klient\u00f3w do zautomatyzowanego podejmowania decyzji, w tym tzw. profilowania.<br\/>10. DANE ODBIORC\u00d3W NEWSLETTERA<br\/>10.1 Dane osobowe odbiorc\u00f3w biuletynu informacyjnego (zwanego tak\u017ce \u201enewsletter\u201d), s\u0105 przetwarzane w celu dostarczania odbiorcom informacji o produktach i us\u0142ugach MEDIA-PRESS.TV, w tym o nowo\u015bciach, ofertach specjalnych, wydarzeniach organizowanych przez MEDIA-PRESS.TV lub wydarzeniach, w kt\u00f3rych bierzemy udzia\u0142.<br\/>10.2. Podstaw\u0105 prawn\u0105 przetwarzania danych osobowych jest zgoda odbiorcy newslettera wyra\u017cona w trybie art. 6 ust. 1 lit. a og\u00f3lnego rozporz\u0105dzenia o ochronie danych osobowych (RODO\/GDPR).<br\/>10.3. Odbiorcami danych osobowych s\u0105 podmioty uprawnione na podstawie obowi\u0105zuj\u0105cego prawa oraz podmioty \u015bwiadcz\u0105ce us\u0142ugi w imieniu MEDIA-PRESS.TV, na podstawie zawartych um\u00f3w powierzenia przetwarzania danych.<br\/>10.4. Dane osobowe odbiorc\u00f3w newslettera s\u0105 przetwarzane w okresie umo\u017cliwiaj\u0105cym dostarczenie informacji lub do odwo\u0142ania, czyli wycofania zgody przez odbiorc\u0119, co mo\u017ce sta\u0107 si\u0119 poprzez klikni\u0119cie w link \u201eWypisz z newslettera\u201d lub przes\u0142anie do nas informacji mailem na adres\u00a0pdp@media-press.tv.<br\/>10.5. Wszystkim osobom, kt\u00f3rych dane osobowe s\u0105 przetwarzane przez MEDIA-PRESS.TV przys\u0142uguje prawo wgl\u0105du w swoje dane osobowe i ich sprostowania oraz prawo \u017c\u0105dania usuni\u0119cia lub ograniczenia przetwarzania lub prawo do wniesienia sprzeciwu wobec przetwarzania, a tak\u017ce prawo do przenoszenia danych osobowych, o ile zrealizowanie tych praw nie b\u0119dzie sprzeczne z obowi\u0105zkami na\u0142o\u017conymi na administratora przez przepisy og\u00f3lnie obowi\u0105zuj\u0105cego prawa lub uniemo\u017cliwi\u0105 one wykonanie celu, dla kt\u00f3rego dane osobowe s\u0105 przetwarzane. Osobom tym przys\u0142uguje tak\u017ce prawo wniesienia skargi do organu nadzorczego, w przypadku stwierdzenia, \u017ce ich dane s\u0105 przetwarzane niezgodnie z prawem.<br\/>10.6. Podanie danych osobowych jest dobrowolne, ale niezb\u0119dne do prawid\u0142owego dostarczania informacji w formie elektronicznej.<br\/>10.7. Dane osobowe odbiorc\u00f3w newslettera nie s\u0105 wykorzystywane do zautomatyzowanego podejmowania decyzji, w tym tzw. profilowania.<br\/><br\/><span id=\"span-31-3\" class=\"ct-span\">11. DANE U\u017bYTKOWNIK\u00d3W DEMO LUB TRIAL<\/span><br\/>11.1. MEDIA-PRESS.TV oferuje klientom mo\u017cliwo\u015b\u0107 zapoznania si\u0119 ze swoimi produktami, kt\u00f3rymi s\u0105 programy i systemy informatyczne, poprzez udost\u0119pnienie im czasowego dost\u0119pu do oferowanych przez siebie produkt\u00f3w w wersjach ograniczonych czasowo lub funkcjonalnie, tzw. wersjach demonstracyjnych lub DEMO oraz w wersjach testowych, zwanymi dalej \u201eWersjami TRIAL\u201d.<br\/>11.2. W celu udost\u0119pnienia klientom Wersji TRIAL MEDIA-PRESS.TV dokonuje rejestracji u\u017cytkownika i przekazuje potwierdzenie drog\u0105 elektroniczn\u0105, a nast\u0119pnie przetwarza jego dane osobowe dla prawid\u0142owego zrealizowania us\u0142ugi.<br\/>11.3 Podstaw\u0105 prawn\u0105 przetwarzania danych osobowych jest zgoda u\u017cytkownika wyra\u017cona w trybie 6 ust. 1 lit. a og\u00f3lnego rozporz\u0105dzenia o ochronie danych osobowych (RODO\/GDPR).<br\/>11.4 Odbiorcami tych danych osobowych s\u0105 podmioty uprawnione na podstawie obowi\u0105zuj\u0105cego prawa oraz podmioty \u015bwiadcz\u0105ce us\u0142ugi w imieniu MEDIA-PRESS.TV, na podstawie zawartych um\u00f3w powierzenia przetwarzania danych.<br\/>11.5. Dane osobowe u\u017cytkownik\u00f3w s\u0105 przetwarzane w okresie umo\u017cliwiaj\u0105cym zapoznanie si\u0119 z Wersj\u0105 TRIAL lub do odwo\u0142ania, czyli wycofania zgody przez u\u017cytkownika, co mo\u017ce sta\u0107 si\u0119 poprzez klikni\u0119cie w specjalny link lub przes\u0142anie do nas informacji mailem na adres\u00a0pdp@media-press.tv.<br\/>11.6. Wszystkim osobom, kt\u00f3rych dane osobowe s\u0105 przetwarzane przez MEDIA-PRESS.TV przys\u0142uguje prawo wgl\u0105du w swoje dane osobowe i ich sprostowania oraz prawo \u017c\u0105dania usuni\u0119cia lub ograniczenia przetwarzania lub prawo do wniesienia sprzeciwu wobec przetwarzania, a tak\u017ce prawo do przenoszenia danych, o ile zrealizowanie tych praw nie b\u0119dzie sprzeczne z obowi\u0105zkami na\u0142o\u017conymi na administratora przez przepisy og\u00f3lnie obowi\u0105zuj\u0105cego prawa lub uniemo\u017cliwi\u0105 one wykonanie celu, dla kt\u00f3rego s\u0105 przetwarzane. Osobom tym przys\u0142uguje tak\u017ce prawo wniesienia skargi do organu nadzorczego, w przypadku stwierdzenia, \u017ce ich dane s\u0105 przetwarzane niezgodnie z prawem.<br\/>11.7. Podanie danych osobowych jest dobrowolne, ale niezb\u0119dne do prawid\u0142owego dostarczania us\u0142ugi.<br\/>11.8. Dane osobowe u\u017cytkownik\u00f3w nie s\u0105 wykorzystywane do zautomatyzowanego podejmowania decyzji, w tym tzw. profilowania.<\/div>&#13;\n<\/div>&#13;\n<\/section>","protected":false},"excerpt":{"rendered":"<p>&#13; &#13; &#13; Uprzejmie informujemy, \u017ce media-press.tv Sp\u00f3\u0142ka akcyjna z siedzib\u0105 w Krakowie (kod: 30-047) przy ul. Karola Szymanowskiego 1\/15, wpisana do rejestru przedsi\u0119biorc\u00f3w Krajowego Rejestru S\u0105dowego prowadzonego przez S\u0105d Rejonowy dla Krakowa-\u015ar\u00f3dmie\u015bcia w Krakowie, Wydzia\u0142 XI Gospodarczy KRS, pod numerem: 0000011065, kapita\u0142 zak\u0142adowy 5.200.000,00 z\u0142, w pe\u0142ni op\u0142acony, numer NIP: 527-234-17-98, numer REGON: 017291553 [&hellip;]<\/p>\n","protected":false},"author":1,"featured_media":0,"parent":0,"menu_order":0,"comment_status":"closed","ping_status":"closed","template":"templates\/flexible-content.php","meta":{"_acf_changed":false},"class_list":["post-842","page","type-page","status-publish","hentry"],"acf":[],"yoast_head":"<!-- This site is optimized with the Yoast SEO plugin v27.5 - https:\/\/yoast.com\/product\/yoast-seo-wordpress\/ -->\n<title>statlook.com - Privacy Policy<\/title>\n<meta name=\"description\" content=\"statlook protects your privacy. Read the information about data collection in forms, cookies, or data sharing by Media-press TV.\" \/>\n<meta name=\"robots\" content=\"index, follow, max-snippet:-1, max-image-preview:large, max-video-preview:-1\" \/>\n<link rel=\"canonical\" href=\"https:\/\/www.statlook.com\/en\/privacy-policy\/\" \/>\n<meta property=\"og:locale\" content=\"en_US\" \/>\n<meta property=\"og:type\" content=\"article\" \/>\n<meta property=\"og:title\" content=\"statlook.com - Privacy Policy\" \/>\n<meta property=\"og:description\" content=\"statlook protects your privacy. Read the information about data collection in forms, cookies, or data sharing by Media-press TV.\" \/>\n<meta property=\"og:url\" content=\"https:\/\/www.statlook.com\/en\/privacy-policy\/\" \/>\n<meta property=\"og:site_name\" content=\"Statlook\" \/>\n<meta property=\"article:modified_time\" content=\"2026-05-10T08:40:53+00:00\" \/>\n<meta name=\"twitter:card\" content=\"summary_large_image\" \/>\n<meta name=\"twitter:label1\" content=\"Est. reading time\" \/>\n\t<meta name=\"twitter:data1\" content=\"9 minutes\" \/>\n<script type=\"application\/ld+json\" class=\"yoast-schema-graph\">{\"@context\":\"https:\\\/\\\/schema.org\",\"@graph\":[{\"@type\":\"WebPage\",\"@id\":\"https:\\\/\\\/www.statlook.com\\\/en\\\/privacy-policy\\\/\",\"url\":\"https:\\\/\\\/www.statlook.com\\\/en\\\/privacy-policy\\\/\",\"name\":\"statlook.com - Privacy Policy\",\"isPartOf\":{\"@id\":\"https:\\\/\\\/www.statlook.com\\\/#website\"},\"datePublished\":\"2026-01-21T09:05:44+00:00\",\"dateModified\":\"2026-05-10T08:40:53+00:00\",\"description\":\"statlook protects your privacy. Read the information about data collection in forms, cookies, or data sharing by Media-press TV.\",\"breadcrumb\":{\"@id\":\"https:\\\/\\\/www.statlook.com\\\/en\\\/privacy-policy\\\/#breadcrumb\"},\"inLanguage\":\"en-US\",\"potentialAction\":[{\"@type\":\"ReadAction\",\"target\":[\"https:\\\/\\\/www.statlook.com\\\/en\\\/privacy-policy\\\/\"]}]},{\"@type\":\"BreadcrumbList\",\"@id\":\"https:\\\/\\\/www.statlook.com\\\/en\\\/privacy-policy\\\/#breadcrumb\",\"itemListElement\":[{\"@type\":\"ListItem\",\"position\":1,\"name\":\"Strona g\u0142\u00f3wna\",\"item\":\"https:\\\/\\\/www.statlook.com\\\/en\\\/\"},{\"@type\":\"ListItem\",\"position\":2,\"name\":\"Polityka prywatno\u015bci\"}]},{\"@type\":\"WebSite\",\"@id\":\"https:\\\/\\\/www.statlook.com\\\/#website\",\"url\":\"https:\\\/\\\/www.statlook.com\\\/\",\"name\":\"Statlook\",\"description\":\"System Do Kompleksowego Zarz\u0105dzania IT w Firmie\",\"potentialAction\":[{\"@type\":\"SearchAction\",\"target\":{\"@type\":\"EntryPoint\",\"urlTemplate\":\"https:\\\/\\\/www.statlook.com\\\/?s={search_term_string}\"},\"query-input\":{\"@type\":\"PropertyValueSpecification\",\"valueRequired\":true,\"valueName\":\"search_term_string\"}}],\"inLanguage\":\"en-US\"}]}<\/script>\n<!-- \/ Yoast SEO plugin. -->","yoast_head_json":{"title":"statlook.com - Privacy Policy","description":"statlook protects your privacy. Read the information about data collection in forms, cookies, or data sharing by Media-press TV.","robots":{"index":"index","follow":"follow","max-snippet":"max-snippet:-1","max-image-preview":"max-image-preview:large","max-video-preview":"max-video-preview:-1"},"canonical":"https:\/\/www.statlook.com\/en\/privacy-policy\/","og_locale":"en_US","og_type":"article","og_title":"statlook.com - Privacy Policy","og_description":"statlook protects your privacy. Read the information about data collection in forms, cookies, or data sharing by Media-press TV.","og_url":"https:\/\/www.statlook.com\/en\/privacy-policy\/","og_site_name":"Statlook","article_modified_time":"2026-05-10T08:40:53+00:00","twitter_card":"summary_large_image","twitter_misc":{"Est. reading time":"9 minutes"},"schema":{"@context":"https:\/\/schema.org","@graph":[{"@type":"WebPage","@id":"https:\/\/www.statlook.com\/en\/privacy-policy\/","url":"https:\/\/www.statlook.com\/en\/privacy-policy\/","name":"statlook.com - Privacy Policy","isPartOf":{"@id":"https:\/\/www.statlook.com\/#website"},"datePublished":"2026-01-21T09:05:44+00:00","dateModified":"2026-05-10T08:40:53+00:00","description":"statlook protects your privacy. Read the information about data collection in forms, cookies, or data sharing by Media-press TV.","breadcrumb":{"@id":"https:\/\/www.statlook.com\/en\/privacy-policy\/#breadcrumb"},"inLanguage":"en-US","potentialAction":[{"@type":"ReadAction","target":["https:\/\/www.statlook.com\/en\/privacy-policy\/"]}]},{"@type":"BreadcrumbList","@id":"https:\/\/www.statlook.com\/en\/privacy-policy\/#breadcrumb","itemListElement":[{"@type":"ListItem","position":1,"name":"Strona g\u0142\u00f3wna","item":"https:\/\/www.statlook.com\/en\/"},{"@type":"ListItem","position":2,"name":"Polityka prywatno\u015bci"}]},{"@type":"WebSite","@id":"https:\/\/www.statlook.com\/#website","url":"https:\/\/www.statlook.com\/","name":"Statlook","description":"System Do Kompleksowego Zarz\u0105dzania IT w Firmie","potentialAction":[{"@type":"SearchAction","target":{"@type":"EntryPoint","urlTemplate":"https:\/\/www.statlook.com\/?s={search_term_string}"},"query-input":{"@type":"PropertyValueSpecification","valueRequired":true,"valueName":"search_term_string"}}],"inLanguage":"en-US"}]}},"_links":{"self":[{"href":"https:\/\/www.statlook.com\/en\/wp-json\/wp\/v2\/pages\/842","targetHints":{"allow":["GET"]}}],"collection":[{"href":"https:\/\/www.statlook.com\/en\/wp-json\/wp\/v2\/pages"}],"about":[{"href":"https:\/\/www.statlook.com\/en\/wp-json\/wp\/v2\/types\/page"}],"author":[{"embeddable":true,"href":"https:\/\/www.statlook.com\/en\/wp-json\/wp\/v2\/users\/1"}],"replies":[{"embeddable":true,"href":"https:\/\/www.statlook.com\/en\/wp-json\/wp\/v2\/comments?post=842"}],"version-history":[{"count":11,"href":"https:\/\/www.statlook.com\/en\/wp-json\/wp\/v2\/pages\/842\/revisions"}],"predecessor-version":[{"id":60256,"href":"https:\/\/www.statlook.com\/en\/wp-json\/wp\/v2\/pages\/842\/revisions\/60256"}],"wp:attachment":[{"href":"https:\/\/www.statlook.com\/en\/wp-json\/wp\/v2\/media?parent=842"}],"curies":[{"name":"wp","href":"https:\/\/api.w.org\/{rel}","templated":true}]}}