{"id":114,"date":"2019-09-04T21:02:00","date_gmt":"2019-09-04T19:02:00","guid":{"rendered":"https:\/\/slook.speedyweb.pl\/?page_id=114"},"modified":"2021-04-22T09:34:47","modified_gmt":"2021-04-22T07:34:47","slug":"aplikacja","status":"publish","type":"page","link":"https:\/\/www.statlook.com\/pl\/aplikacja\/","title":{"rendered":"Aplikacja"},"content":{"rendered":"","protected":false},"excerpt":{"rendered":"","protected":false},"author":1,"featured_media":0,"parent":0,"menu_order":0,"comment_status":"closed","ping_status":"closed","template":"","meta":{"footnotes":""},"class_list":["post-114","page","type-page","status-publish","hentry"],"yoast_head":"<!-- This site is optimized with the Yoast SEO plugin v27.5 - https:\/\/yoast.com\/product\/yoast-seo-wordpress\/ -->\n<title>Formularz aplikacyjny - statlook.com<\/title>\n<meta name=\"description\" content=\"Wype\u0142nij formularz aplikacyjny i do\u0142\u0105cz do naszego zespo\u0142u. Aplikuj ju\u017c dzi\u015b!\" \/>\n<meta name=\"robots\" content=\"noindex, follow\" \/>\n<meta property=\"og:locale\" content=\"pl_PL\" \/>\n<meta property=\"og:type\" content=\"article\" \/>\n<meta property=\"og:title\" content=\"Formularz aplikacyjny - statlook.com\" \/>\n<meta property=\"og:description\" content=\"Wype\u0142nij formularz aplikacyjny i do\u0142\u0105cz do naszego zespo\u0142u. Aplikuj ju\u017c dzi\u015b!\" \/>\n<meta property=\"og:url\" content=\"https:\/\/www.statlook.com\/pl\/aplikacja\/\" \/>\n<meta property=\"og:site_name\" content=\"Statlook PL\" \/>\n<meta property=\"article:modified_time\" content=\"2021-04-22T07:34:47+00:00\" \/>\n<meta name=\"twitter:card\" content=\"summary_large_image\" \/>\n<script type=\"application\/ld+json\" class=\"yoast-schema-graph\">{\"@context\":\"https:\\\/\\\/schema.org\",\"@graph\":[{\"@type\":\"WebPage\",\"@id\":\"https:\\\/\\\/www.statlook.com\\\/pl\\\/aplikacja\\\/\",\"url\":\"https:\\\/\\\/www.statlook.com\\\/pl\\\/aplikacja\\\/\",\"name\":\"Formularz aplikacyjny - statlook.com\",\"isPartOf\":{\"@id\":\"https:\\\/\\\/www.statlook.com\\\/pl\\\/#website\"},\"datePublished\":\"2019-09-04T19:02:00+00:00\",\"dateModified\":\"2021-04-22T07:34:47+00:00\",\"description\":\"Wype\u0142nij formularz aplikacyjny i do\u0142\u0105cz do naszego zespo\u0142u. Aplikuj ju\u017c dzi\u015b!\",\"breadcrumb\":{\"@id\":\"https:\\\/\\\/www.statlook.com\\\/pl\\\/aplikacja\\\/#breadcrumb\"},\"inLanguage\":\"pl-PL\",\"potentialAction\":[{\"@type\":\"ReadAction\",\"target\":[\"https:\\\/\\\/www.statlook.com\\\/pl\\\/aplikacja\\\/\"]}]},{\"@type\":\"BreadcrumbList\",\"@id\":\"https:\\\/\\\/www.statlook.com\\\/pl\\\/aplikacja\\\/#breadcrumb\",\"itemListElement\":[{\"@type\":\"ListItem\",\"position\":1,\"name\":\"Strona g\u0142\u00f3wna\",\"item\":\"https:\\\/\\\/www.statlook.com\\\/pl\\\/\"},{\"@type\":\"ListItem\",\"position\":2,\"name\":\"Aplikacja\"}]},{\"@type\":\"WebSite\",\"@id\":\"https:\\\/\\\/www.statlook.com\\\/pl\\\/#website\",\"url\":\"https:\\\/\\\/www.statlook.com\\\/pl\\\/\",\"name\":\"Statlook PL\",\"description\":\"polska wersja strony statlook\",\"potentialAction\":[{\"@type\":\"SearchAction\",\"target\":{\"@type\":\"EntryPoint\",\"urlTemplate\":\"https:\\\/\\\/www.statlook.com\\\/pl\\\/?s={search_term_string}\"},\"query-input\":{\"@type\":\"PropertyValueSpecification\",\"valueRequired\":true,\"valueName\":\"search_term_string\"}}],\"inLanguage\":\"pl-PL\"}]}<\/script>\n<!-- \/ Yoast SEO plugin. -->","yoast_head_json":{"title":"Formularz aplikacyjny - statlook.com","description":"Wype\u0142nij formularz aplikacyjny i do\u0142\u0105cz do naszego zespo\u0142u. Aplikuj ju\u017c dzi\u015b!","robots":{"index":"noindex","follow":"follow"},"og_locale":"pl_PL","og_type":"article","og_title":"Formularz aplikacyjny - statlook.com","og_description":"Wype\u0142nij formularz aplikacyjny i do\u0142\u0105cz do naszego zespo\u0142u. Aplikuj ju\u017c dzi\u015b!","og_url":"https:\/\/www.statlook.com\/pl\/aplikacja\/","og_site_name":"Statlook PL","article_modified_time":"2021-04-22T07:34:47+00:00","twitter_card":"summary_large_image","schema":{"@context":"https:\/\/schema.org","@graph":[{"@type":"WebPage","@id":"https:\/\/www.statlook.com\/pl\/aplikacja\/","url":"https:\/\/www.statlook.com\/pl\/aplikacja\/","name":"Formularz aplikacyjny - statlook.com","isPartOf":{"@id":"https:\/\/www.statlook.com\/pl\/#website"},"datePublished":"2019-09-04T19:02:00+00:00","dateModified":"2021-04-22T07:34:47+00:00","description":"Wype\u0142nij formularz aplikacyjny i do\u0142\u0105cz do naszego zespo\u0142u. Aplikuj ju\u017c dzi\u015b!","breadcrumb":{"@id":"https:\/\/www.statlook.com\/pl\/aplikacja\/#breadcrumb"},"inLanguage":"pl-PL","potentialAction":[{"@type":"ReadAction","target":["https:\/\/www.statlook.com\/pl\/aplikacja\/"]}]},{"@type":"BreadcrumbList","@id":"https:\/\/www.statlook.com\/pl\/aplikacja\/#breadcrumb","itemListElement":[{"@type":"ListItem","position":1,"name":"Strona g\u0142\u00f3wna","item":"https:\/\/www.statlook.com\/pl\/"},{"@type":"ListItem","position":2,"name":"Aplikacja"}]},{"@type":"WebSite","@id":"https:\/\/www.statlook.com\/pl\/#website","url":"https:\/\/www.statlook.com\/pl\/","name":"Statlook PL","description":"polska wersja strony statlook","potentialAction":[{"@type":"SearchAction","target":{"@type":"EntryPoint","urlTemplate":"https:\/\/www.statlook.com\/pl\/?s={search_term_string}"},"query-input":{"@type":"PropertyValueSpecification","valueRequired":true,"valueName":"search_term_string"}}],"inLanguage":"pl-PL"}]}},"_links":{"self":[{"href":"https:\/\/www.statlook.com\/pl\/wp-json\/wp\/v2\/pages\/114","targetHints":{"allow":["GET"]}}],"collection":[{"href":"https:\/\/www.statlook.com\/pl\/wp-json\/wp\/v2\/pages"}],"about":[{"href":"https:\/\/www.statlook.com\/pl\/wp-json\/wp\/v2\/types\/page"}],"author":[{"embeddable":true,"href":"https:\/\/www.statlook.com\/pl\/wp-json\/wp\/v2\/users\/1"}],"replies":[{"embeddable":true,"href":"https:\/\/www.statlook.com\/pl\/wp-json\/wp\/v2\/comments?post=114"}],"version-history":[{"count":3,"href":"https:\/\/www.statlook.com\/pl\/wp-json\/wp\/v2\/pages\/114\/revisions"}],"predecessor-version":[{"id":43735,"href":"https:\/\/www.statlook.com\/pl\/wp-json\/wp\/v2\/pages\/114\/revisions\/43735"}],"wp:attachment":[{"href":"https:\/\/www.statlook.com\/pl\/wp-json\/wp\/v2\/media?parent=114"}],"curies":[{"name":"wp","href":"https:\/\/api.w.org\/{rel}","templated":true}]}}