{"id":118,"date":"2019-09-05T00:51:17","date_gmt":"2019-09-04T22:51:17","guid":{"rendered":"https:\/\/slook.speedyweb.pl\/?page_id=118"},"modified":"2021-04-22T09:24:27","modified_gmt":"2021-04-22T07:24:27","slug":"webinaria_it","status":"publish","type":"page","link":"https:\/\/www.statlook.com\/pl\/webinaria_it\/","title":{"rendered":"Webinar"},"content":{"rendered":"","protected":false},"excerpt":{"rendered":"","protected":false},"author":1,"featured_media":0,"parent":0,"menu_order":0,"comment_status":"closed","ping_status":"closed","template":"","meta":{"footnotes":""},"class_list":["post-118","page","type-page","status-publish","hentry"],"yoast_head":"<!-- This site is optimized with the Yoast SEO plugin v27.3 - https:\/\/yoast.com\/product\/yoast-seo-wordpress\/ -->\n<title>Webinaria IT na \u017cywo - Zapisz Si\u0119 Na Darmowy Webinar!<\/title>\n<meta name=\"description\" content=\"Zapisz si\u0119 Na Darmowe Webinaria IT! Dowiedz si\u0119 wi\u0119cej o systemach statlook i uplook. Dla Administrator\u00f3w IT, W\u0142a\u015bcicieli Firm, Urz\u0119d\u00f3w. Wypr\u00f3buj Za Darmo!\" \/>\n<meta name=\"robots\" content=\"index, follow, max-snippet:-1, max-image-preview:large, max-video-preview:-1\" \/>\n<link rel=\"canonical\" href=\"https:\/\/www.statlook.com\/pl\/webinaria_it\/\" \/>\n<meta property=\"og:locale\" content=\"pl_PL\" \/>\n<meta property=\"og:type\" content=\"article\" \/>\n<meta property=\"og:title\" content=\"Webinaria IT na \u017cywo - Zapisz Si\u0119 Na Darmowy Webinar!\" \/>\n<meta property=\"og:description\" content=\"Zapisz si\u0119 Na Darmowe Webinaria IT! Dowiedz si\u0119 wi\u0119cej o systemach statlook i uplook. Dla Administrator\u00f3w IT, W\u0142a\u015bcicieli Firm, Urz\u0119d\u00f3w. Wypr\u00f3buj Za Darmo!\" \/>\n<meta property=\"og:url\" content=\"https:\/\/www.statlook.com\/pl\/webinaria_it\/\" \/>\n<meta property=\"og:site_name\" content=\"Statlook PL\" \/>\n<meta property=\"article:modified_time\" content=\"2021-04-22T07:24:27+00:00\" \/>\n<meta name=\"twitter:card\" content=\"summary_large_image\" \/>\n<script type=\"application\/ld+json\" class=\"yoast-schema-graph\">{\"@context\":\"https:\\\/\\\/schema.org\",\"@graph\":[{\"@type\":\"WebPage\",\"@id\":\"https:\\\/\\\/www.statlook.com\\\/pl\\\/webinaria_it\\\/\",\"url\":\"https:\\\/\\\/www.statlook.com\\\/pl\\\/webinaria_it\\\/\",\"name\":\"Webinaria IT na \u017cywo - Zapisz Si\u0119 Na Darmowy Webinar!\",\"isPartOf\":{\"@id\":\"https:\\\/\\\/www.statlook.com\\\/pl\\\/#website\"},\"datePublished\":\"2019-09-04T22:51:17+00:00\",\"dateModified\":\"2021-04-22T07:24:27+00:00\",\"description\":\"Zapisz si\u0119 Na Darmowe Webinaria IT! Dowiedz si\u0119 wi\u0119cej o systemach statlook i uplook. Dla Administrator\u00f3w IT, W\u0142a\u015bcicieli Firm, Urz\u0119d\u00f3w. Wypr\u00f3buj Za Darmo!\",\"breadcrumb\":{\"@id\":\"https:\\\/\\\/www.statlook.com\\\/pl\\\/webinaria_it\\\/#breadcrumb\"},\"inLanguage\":\"pl-PL\",\"potentialAction\":[{\"@type\":\"ReadAction\",\"target\":[\"https:\\\/\\\/www.statlook.com\\\/pl\\\/webinaria_it\\\/\"]}]},{\"@type\":\"BreadcrumbList\",\"@id\":\"https:\\\/\\\/www.statlook.com\\\/pl\\\/webinaria_it\\\/#breadcrumb\",\"itemListElement\":[{\"@type\":\"ListItem\",\"position\":1,\"name\":\"Strona g\u0142\u00f3wna\",\"item\":\"https:\\\/\\\/www.statlook.com\\\/pl\\\/\"},{\"@type\":\"ListItem\",\"position\":2,\"name\":\"Webinar\"}]},{\"@type\":\"WebSite\",\"@id\":\"https:\\\/\\\/www.statlook.com\\\/pl\\\/#website\",\"url\":\"https:\\\/\\\/www.statlook.com\\\/pl\\\/\",\"name\":\"Statlook PL\",\"description\":\"polska wersja strony statlook\",\"potentialAction\":[{\"@type\":\"SearchAction\",\"target\":{\"@type\":\"EntryPoint\",\"urlTemplate\":\"https:\\\/\\\/www.statlook.com\\\/pl\\\/?s={search_term_string}\"},\"query-input\":{\"@type\":\"PropertyValueSpecification\",\"valueRequired\":true,\"valueName\":\"search_term_string\"}}],\"inLanguage\":\"pl-PL\"}]}<\/script>\n<!-- \/ Yoast SEO plugin. -->","yoast_head_json":{"title":"Webinaria IT na \u017cywo - Zapisz Si\u0119 Na Darmowy Webinar!","description":"Zapisz si\u0119 Na Darmowe Webinaria IT! Dowiedz si\u0119 wi\u0119cej o systemach statlook i uplook. Dla Administrator\u00f3w IT, W\u0142a\u015bcicieli Firm, Urz\u0119d\u00f3w. Wypr\u00f3buj Za Darmo!","robots":{"index":"index","follow":"follow","max-snippet":"max-snippet:-1","max-image-preview":"max-image-preview:large","max-video-preview":"max-video-preview:-1"},"canonical":"https:\/\/www.statlook.com\/pl\/webinaria_it\/","og_locale":"pl_PL","og_type":"article","og_title":"Webinaria IT na \u017cywo - Zapisz Si\u0119 Na Darmowy Webinar!","og_description":"Zapisz si\u0119 Na Darmowe Webinaria IT! Dowiedz si\u0119 wi\u0119cej o systemach statlook i uplook. Dla Administrator\u00f3w IT, W\u0142a\u015bcicieli Firm, Urz\u0119d\u00f3w. Wypr\u00f3buj Za Darmo!","og_url":"https:\/\/www.statlook.com\/pl\/webinaria_it\/","og_site_name":"Statlook PL","article_modified_time":"2021-04-22T07:24:27+00:00","twitter_card":"summary_large_image","schema":{"@context":"https:\/\/schema.org","@graph":[{"@type":"WebPage","@id":"https:\/\/www.statlook.com\/pl\/webinaria_it\/","url":"https:\/\/www.statlook.com\/pl\/webinaria_it\/","name":"Webinaria IT na \u017cywo - Zapisz Si\u0119 Na Darmowy Webinar!","isPartOf":{"@id":"https:\/\/www.statlook.com\/pl\/#website"},"datePublished":"2019-09-04T22:51:17+00:00","dateModified":"2021-04-22T07:24:27+00:00","description":"Zapisz si\u0119 Na Darmowe Webinaria IT! Dowiedz si\u0119 wi\u0119cej o systemach statlook i uplook. Dla Administrator\u00f3w IT, W\u0142a\u015bcicieli Firm, Urz\u0119d\u00f3w. Wypr\u00f3buj Za Darmo!","breadcrumb":{"@id":"https:\/\/www.statlook.com\/pl\/webinaria_it\/#breadcrumb"},"inLanguage":"pl-PL","potentialAction":[{"@type":"ReadAction","target":["https:\/\/www.statlook.com\/pl\/webinaria_it\/"]}]},{"@type":"BreadcrumbList","@id":"https:\/\/www.statlook.com\/pl\/webinaria_it\/#breadcrumb","itemListElement":[{"@type":"ListItem","position":1,"name":"Strona g\u0142\u00f3wna","item":"https:\/\/www.statlook.com\/pl\/"},{"@type":"ListItem","position":2,"name":"Webinar"}]},{"@type":"WebSite","@id":"https:\/\/www.statlook.com\/pl\/#website","url":"https:\/\/www.statlook.com\/pl\/","name":"Statlook PL","description":"polska wersja strony statlook","potentialAction":[{"@type":"SearchAction","target":{"@type":"EntryPoint","urlTemplate":"https:\/\/www.statlook.com\/pl\/?s={search_term_string}"},"query-input":{"@type":"PropertyValueSpecification","valueRequired":true,"valueName":"search_term_string"}}],"inLanguage":"pl-PL"}]}},"_links":{"self":[{"href":"https:\/\/www.statlook.com\/pl\/wp-json\/wp\/v2\/pages\/118","targetHints":{"allow":["GET"]}}],"collection":[{"href":"https:\/\/www.statlook.com\/pl\/wp-json\/wp\/v2\/pages"}],"about":[{"href":"https:\/\/www.statlook.com\/pl\/wp-json\/wp\/v2\/types\/page"}],"author":[{"embeddable":true,"href":"https:\/\/www.statlook.com\/pl\/wp-json\/wp\/v2\/users\/1"}],"replies":[{"embeddable":true,"href":"https:\/\/www.statlook.com\/pl\/wp-json\/wp\/v2\/comments?post=118"}],"version-history":[{"count":3,"href":"https:\/\/www.statlook.com\/pl\/wp-json\/wp\/v2\/pages\/118\/revisions"}],"predecessor-version":[{"id":43734,"href":"https:\/\/www.statlook.com\/pl\/wp-json\/wp\/v2\/pages\/118\/revisions\/43734"}],"wp:attachment":[{"href":"https:\/\/www.statlook.com\/pl\/wp-json\/wp\/v2\/media?parent=118"}],"curies":[{"name":"wp","href":"https:\/\/api.w.org\/{rel}","templated":true}]}}