{"id":2030,"date":"2019-10-16T10:20:10","date_gmt":"2019-10-16T08:20:10","guid":{"rendered":"https:\/\/slook.speedyweb.pl\/?page_id=2030"},"modified":"2021-04-19T13:53:20","modified_gmt":"2021-04-19T11:53:20","slug":"uplook-helpdesk","status":"publish","type":"page","link":"https:\/\/www.statlook.com\/pl\/uplook-helpdesk\/","title":{"rendered":"Pakiet Helpdesk"},"content":{"rendered":"","protected":false},"excerpt":{"rendered":"","protected":false},"author":1,"featured_media":0,"parent":0,"menu_order":0,"comment_status":"closed","ping_status":"closed","template":"","meta":{"footnotes":""},"class_list":["post-2030","page","type-page","status-publish","hentry"],"yoast_head":"<!-- This site is optimized with the Yoast SEO plugin v27.4 - https:\/\/yoast.com\/product\/yoast-seo-wordpress\/ -->\n<title>System Helpdeskowy uplook \u00ae Oprogramowanie Helpdesk<\/title>\n<meta name=\"description\" content=\"Uplook Helpdesk to Profesjonalny System Helpdeskowy idealny do Obs\u0142ugi Zg\u0142osze\u0144 Serwisowych. Wbudowane funkcje: Zdalnego Pulpitu i Zdalnej Pomocy!\" \/>\n<meta name=\"robots\" content=\"index, follow, max-snippet:-1, max-image-preview:large, max-video-preview:-1\" \/>\n<link rel=\"canonical\" href=\"https:\/\/www.statlook.com\/pl\/uplook-helpdesk\/\" \/>\n<meta property=\"og:locale\" content=\"pl_PL\" \/>\n<meta property=\"og:type\" content=\"article\" \/>\n<meta property=\"og:title\" content=\"System Helpdeskowy uplook \u00ae Oprogramowanie Helpdesk\" \/>\n<meta property=\"og:description\" content=\"Uplook Helpdesk to Profesjonalny System Helpdeskowy idealny do Obs\u0142ugi Zg\u0142osze\u0144 Serwisowych. Wbudowane funkcje: Zdalnego Pulpitu i Zdalnej Pomocy!\" \/>\n<meta property=\"og:url\" content=\"https:\/\/www.statlook.com\/pl\/uplook-helpdesk\/\" \/>\n<meta property=\"og:site_name\" content=\"Statlook PL\" \/>\n<meta property=\"article:modified_time\" content=\"2021-04-19T11:53:20+00:00\" \/>\n<meta name=\"twitter:card\" content=\"summary_large_image\" \/>\n<script type=\"application\/ld+json\" class=\"yoast-schema-graph\">{\"@context\":\"https:\\\/\\\/schema.org\",\"@graph\":[{\"@type\":\"WebPage\",\"@id\":\"https:\\\/\\\/www.statlook.com\\\/pl\\\/uplook-helpdesk\\\/\",\"url\":\"https:\\\/\\\/www.statlook.com\\\/pl\\\/uplook-helpdesk\\\/\",\"name\":\"System Helpdeskowy uplook \u00ae Oprogramowanie Helpdesk\",\"isPartOf\":{\"@id\":\"https:\\\/\\\/www.statlook.com\\\/pl\\\/#website\"},\"datePublished\":\"2019-10-16T08:20:10+00:00\",\"dateModified\":\"2021-04-19T11:53:20+00:00\",\"description\":\"Uplook Helpdesk to Profesjonalny System Helpdeskowy idealny do Obs\u0142ugi Zg\u0142osze\u0144 Serwisowych. Wbudowane funkcje: Zdalnego Pulpitu i Zdalnej Pomocy!\",\"breadcrumb\":{\"@id\":\"https:\\\/\\\/www.statlook.com\\\/pl\\\/uplook-helpdesk\\\/#breadcrumb\"},\"inLanguage\":\"pl-PL\",\"potentialAction\":[{\"@type\":\"ReadAction\",\"target\":[\"https:\\\/\\\/www.statlook.com\\\/pl\\\/uplook-helpdesk\\\/\"]}]},{\"@type\":\"BreadcrumbList\",\"@id\":\"https:\\\/\\\/www.statlook.com\\\/pl\\\/uplook-helpdesk\\\/#breadcrumb\",\"itemListElement\":[{\"@type\":\"ListItem\",\"position\":1,\"name\":\"Strona g\u0142\u00f3wna\",\"item\":\"https:\\\/\\\/www.statlook.com\\\/pl\\\/\"},{\"@type\":\"ListItem\",\"position\":2,\"name\":\"Pakiet Helpdesk\"}]},{\"@type\":\"WebSite\",\"@id\":\"https:\\\/\\\/www.statlook.com\\\/pl\\\/#website\",\"url\":\"https:\\\/\\\/www.statlook.com\\\/pl\\\/\",\"name\":\"Statlook PL\",\"description\":\"polska wersja strony statlook\",\"potentialAction\":[{\"@type\":\"SearchAction\",\"target\":{\"@type\":\"EntryPoint\",\"urlTemplate\":\"https:\\\/\\\/www.statlook.com\\\/pl\\\/?s={search_term_string}\"},\"query-input\":{\"@type\":\"PropertyValueSpecification\",\"valueRequired\":true,\"valueName\":\"search_term_string\"}}],\"inLanguage\":\"pl-PL\"}]}<\/script>\n<!-- \/ Yoast SEO plugin. -->","yoast_head_json":{"title":"System Helpdeskowy uplook \u00ae Oprogramowanie Helpdesk","description":"Uplook Helpdesk to Profesjonalny System Helpdeskowy idealny do Obs\u0142ugi Zg\u0142osze\u0144 Serwisowych. Wbudowane funkcje: Zdalnego Pulpitu i Zdalnej Pomocy!","robots":{"index":"index","follow":"follow","max-snippet":"max-snippet:-1","max-image-preview":"max-image-preview:large","max-video-preview":"max-video-preview:-1"},"canonical":"https:\/\/www.statlook.com\/pl\/uplook-helpdesk\/","og_locale":"pl_PL","og_type":"article","og_title":"System Helpdeskowy uplook \u00ae Oprogramowanie Helpdesk","og_description":"Uplook Helpdesk to Profesjonalny System Helpdeskowy idealny do Obs\u0142ugi Zg\u0142osze\u0144 Serwisowych. Wbudowane funkcje: Zdalnego Pulpitu i Zdalnej Pomocy!","og_url":"https:\/\/www.statlook.com\/pl\/uplook-helpdesk\/","og_site_name":"Statlook PL","article_modified_time":"2021-04-19T11:53:20+00:00","twitter_card":"summary_large_image","schema":{"@context":"https:\/\/schema.org","@graph":[{"@type":"WebPage","@id":"https:\/\/www.statlook.com\/pl\/uplook-helpdesk\/","url":"https:\/\/www.statlook.com\/pl\/uplook-helpdesk\/","name":"System Helpdeskowy uplook \u00ae Oprogramowanie Helpdesk","isPartOf":{"@id":"https:\/\/www.statlook.com\/pl\/#website"},"datePublished":"2019-10-16T08:20:10+00:00","dateModified":"2021-04-19T11:53:20+00:00","description":"Uplook Helpdesk to Profesjonalny System Helpdeskowy idealny do Obs\u0142ugi Zg\u0142osze\u0144 Serwisowych. Wbudowane funkcje: Zdalnego Pulpitu i Zdalnej Pomocy!","breadcrumb":{"@id":"https:\/\/www.statlook.com\/pl\/uplook-helpdesk\/#breadcrumb"},"inLanguage":"pl-PL","potentialAction":[{"@type":"ReadAction","target":["https:\/\/www.statlook.com\/pl\/uplook-helpdesk\/"]}]},{"@type":"BreadcrumbList","@id":"https:\/\/www.statlook.com\/pl\/uplook-helpdesk\/#breadcrumb","itemListElement":[{"@type":"ListItem","position":1,"name":"Strona g\u0142\u00f3wna","item":"https:\/\/www.statlook.com\/pl\/"},{"@type":"ListItem","position":2,"name":"Pakiet Helpdesk"}]},{"@type":"WebSite","@id":"https:\/\/www.statlook.com\/pl\/#website","url":"https:\/\/www.statlook.com\/pl\/","name":"Statlook PL","description":"polska wersja strony statlook","potentialAction":[{"@type":"SearchAction","target":{"@type":"EntryPoint","urlTemplate":"https:\/\/www.statlook.com\/pl\/?s={search_term_string}"},"query-input":{"@type":"PropertyValueSpecification","valueRequired":true,"valueName":"search_term_string"}}],"inLanguage":"pl-PL"}]}},"_links":{"self":[{"href":"https:\/\/www.statlook.com\/pl\/wp-json\/wp\/v2\/pages\/2030","targetHints":{"allow":["GET"]}}],"collection":[{"href":"https:\/\/www.statlook.com\/pl\/wp-json\/wp\/v2\/pages"}],"about":[{"href":"https:\/\/www.statlook.com\/pl\/wp-json\/wp\/v2\/types\/page"}],"author":[{"embeddable":true,"href":"https:\/\/www.statlook.com\/pl\/wp-json\/wp\/v2\/users\/1"}],"replies":[{"embeddable":true,"href":"https:\/\/www.statlook.com\/pl\/wp-json\/wp\/v2\/comments?post=2030"}],"version-history":[{"count":3,"href":"https:\/\/www.statlook.com\/pl\/wp-json\/wp\/v2\/pages\/2030\/revisions"}],"predecessor-version":[{"id":43714,"href":"https:\/\/www.statlook.com\/pl\/wp-json\/wp\/v2\/pages\/2030\/revisions\/43714"}],"wp:attachment":[{"href":"https:\/\/www.statlook.com\/pl\/wp-json\/wp\/v2\/media?parent=2030"}],"curies":[{"name":"wp","href":"https:\/\/api.w.org\/{rel}","templated":true}]}}