{"id":2032,"date":"2019-10-16T10:32:44","date_gmt":"2019-10-16T08:32:44","guid":{"rendered":"https:\/\/slook.speedyweb.pl\/?page_id=2032"},"modified":"2021-04-22T09:44:43","modified_gmt":"2021-04-22T07:44:43","slug":"uplook-rodo","status":"publish","type":"page","link":"https:\/\/www.statlook.com\/pl\/uplook-rodo\/","title":{"rendered":"Pakiet RODO"},"content":{"rendered":"","protected":false},"excerpt":{"rendered":"","protected":false},"author":1,"featured_media":0,"parent":0,"menu_order":0,"comment_status":"closed","ping_status":"closed","template":"","meta":{"footnotes":""},"class_list":["post-2032","page","type-page","status-publish","hentry"],"yoast_head":"<!-- This site is optimized with the Yoast SEO plugin v27.3 - https:\/\/yoast.com\/product\/yoast-seo-wordpress\/ -->\n<title>Uplook RODO - System zarz\u0105dzania RODO dla Twojej firmy<\/title>\n<meta name=\"description\" content=\"Uplook RODO - Gotowe szablony dokument\u00f3w, Rejestry dzia\u0142a\u0144 przetwarzania, Przypisywanie zestaw\u00f3w danych do dzia\u0142a\u0144.\" \/>\n<meta name=\"robots\" content=\"index, follow, max-snippet:-1, max-image-preview:large, max-video-preview:-1\" \/>\n<link rel=\"canonical\" href=\"https:\/\/www.statlook.com\/pl\/uplook-rodo\/\" \/>\n<meta property=\"og:locale\" content=\"pl_PL\" \/>\n<meta property=\"og:type\" content=\"article\" \/>\n<meta property=\"og:title\" content=\"Uplook RODO - System zarz\u0105dzania RODO dla Twojej firmy\" \/>\n<meta property=\"og:description\" content=\"Uplook RODO - Gotowe szablony dokument\u00f3w, Rejestry dzia\u0142a\u0144 przetwarzania, Przypisywanie zestaw\u00f3w danych do dzia\u0142a\u0144.\" \/>\n<meta property=\"og:url\" content=\"https:\/\/www.statlook.com\/pl\/uplook-rodo\/\" \/>\n<meta property=\"og:site_name\" content=\"Statlook PL\" \/>\n<meta property=\"article:modified_time\" content=\"2021-04-22T07:44:43+00:00\" \/>\n<meta name=\"twitter:card\" content=\"summary_large_image\" \/>\n<script type=\"application\/ld+json\" class=\"yoast-schema-graph\">{\"@context\":\"https:\\\/\\\/schema.org\",\"@graph\":[{\"@type\":\"WebPage\",\"@id\":\"https:\\\/\\\/www.statlook.com\\\/pl\\\/uplook-rodo\\\/\",\"url\":\"https:\\\/\\\/www.statlook.com\\\/pl\\\/uplook-rodo\\\/\",\"name\":\"Uplook RODO - System zarz\u0105dzania RODO dla Twojej firmy\",\"isPartOf\":{\"@id\":\"https:\\\/\\\/www.statlook.com\\\/pl\\\/#website\"},\"datePublished\":\"2019-10-16T08:32:44+00:00\",\"dateModified\":\"2021-04-22T07:44:43+00:00\",\"description\":\"Uplook RODO - Gotowe szablony dokument\u00f3w, Rejestry dzia\u0142a\u0144 przetwarzania, Przypisywanie zestaw\u00f3w danych do dzia\u0142a\u0144.\",\"breadcrumb\":{\"@id\":\"https:\\\/\\\/www.statlook.com\\\/pl\\\/uplook-rodo\\\/#breadcrumb\"},\"inLanguage\":\"pl-PL\",\"potentialAction\":[{\"@type\":\"ReadAction\",\"target\":[\"https:\\\/\\\/www.statlook.com\\\/pl\\\/uplook-rodo\\\/\"]}]},{\"@type\":\"BreadcrumbList\",\"@id\":\"https:\\\/\\\/www.statlook.com\\\/pl\\\/uplook-rodo\\\/#breadcrumb\",\"itemListElement\":[{\"@type\":\"ListItem\",\"position\":1,\"name\":\"Strona g\u0142\u00f3wna\",\"item\":\"https:\\\/\\\/www.statlook.com\\\/pl\\\/\"},{\"@type\":\"ListItem\",\"position\":2,\"name\":\"Pakiet RODO\"}]},{\"@type\":\"WebSite\",\"@id\":\"https:\\\/\\\/www.statlook.com\\\/pl\\\/#website\",\"url\":\"https:\\\/\\\/www.statlook.com\\\/pl\\\/\",\"name\":\"Statlook PL\",\"description\":\"polska wersja strony statlook\",\"potentialAction\":[{\"@type\":\"SearchAction\",\"target\":{\"@type\":\"EntryPoint\",\"urlTemplate\":\"https:\\\/\\\/www.statlook.com\\\/pl\\\/?s={search_term_string}\"},\"query-input\":{\"@type\":\"PropertyValueSpecification\",\"valueRequired\":true,\"valueName\":\"search_term_string\"}}],\"inLanguage\":\"pl-PL\"}]}<\/script>\n<!-- \/ Yoast SEO plugin. -->","yoast_head_json":{"title":"Uplook RODO - System zarz\u0105dzania RODO dla Twojej firmy","description":"Uplook RODO - Gotowe szablony dokument\u00f3w, Rejestry dzia\u0142a\u0144 przetwarzania, Przypisywanie zestaw\u00f3w danych do dzia\u0142a\u0144.","robots":{"index":"index","follow":"follow","max-snippet":"max-snippet:-1","max-image-preview":"max-image-preview:large","max-video-preview":"max-video-preview:-1"},"canonical":"https:\/\/www.statlook.com\/pl\/uplook-rodo\/","og_locale":"pl_PL","og_type":"article","og_title":"Uplook RODO - System zarz\u0105dzania RODO dla Twojej firmy","og_description":"Uplook RODO - Gotowe szablony dokument\u00f3w, Rejestry dzia\u0142a\u0144 przetwarzania, Przypisywanie zestaw\u00f3w danych do dzia\u0142a\u0144.","og_url":"https:\/\/www.statlook.com\/pl\/uplook-rodo\/","og_site_name":"Statlook PL","article_modified_time":"2021-04-22T07:44:43+00:00","twitter_card":"summary_large_image","schema":{"@context":"https:\/\/schema.org","@graph":[{"@type":"WebPage","@id":"https:\/\/www.statlook.com\/pl\/uplook-rodo\/","url":"https:\/\/www.statlook.com\/pl\/uplook-rodo\/","name":"Uplook RODO - System zarz\u0105dzania RODO dla Twojej firmy","isPartOf":{"@id":"https:\/\/www.statlook.com\/pl\/#website"},"datePublished":"2019-10-16T08:32:44+00:00","dateModified":"2021-04-22T07:44:43+00:00","description":"Uplook RODO - Gotowe szablony dokument\u00f3w, Rejestry dzia\u0142a\u0144 przetwarzania, Przypisywanie zestaw\u00f3w danych do dzia\u0142a\u0144.","breadcrumb":{"@id":"https:\/\/www.statlook.com\/pl\/uplook-rodo\/#breadcrumb"},"inLanguage":"pl-PL","potentialAction":[{"@type":"ReadAction","target":["https:\/\/www.statlook.com\/pl\/uplook-rodo\/"]}]},{"@type":"BreadcrumbList","@id":"https:\/\/www.statlook.com\/pl\/uplook-rodo\/#breadcrumb","itemListElement":[{"@type":"ListItem","position":1,"name":"Strona g\u0142\u00f3wna","item":"https:\/\/www.statlook.com\/pl\/"},{"@type":"ListItem","position":2,"name":"Pakiet RODO"}]},{"@type":"WebSite","@id":"https:\/\/www.statlook.com\/pl\/#website","url":"https:\/\/www.statlook.com\/pl\/","name":"Statlook PL","description":"polska wersja strony statlook","potentialAction":[{"@type":"SearchAction","target":{"@type":"EntryPoint","urlTemplate":"https:\/\/www.statlook.com\/pl\/?s={search_term_string}"},"query-input":{"@type":"PropertyValueSpecification","valueRequired":true,"valueName":"search_term_string"}}],"inLanguage":"pl-PL"}]}},"_links":{"self":[{"href":"https:\/\/www.statlook.com\/pl\/wp-json\/wp\/v2\/pages\/2032","targetHints":{"allow":["GET"]}}],"collection":[{"href":"https:\/\/www.statlook.com\/pl\/wp-json\/wp\/v2\/pages"}],"about":[{"href":"https:\/\/www.statlook.com\/pl\/wp-json\/wp\/v2\/types\/page"}],"author":[{"embeddable":true,"href":"https:\/\/www.statlook.com\/pl\/wp-json\/wp\/v2\/users\/1"}],"replies":[{"embeddable":true,"href":"https:\/\/www.statlook.com\/pl\/wp-json\/wp\/v2\/comments?post=2032"}],"version-history":[{"count":3,"href":"https:\/\/www.statlook.com\/pl\/wp-json\/wp\/v2\/pages\/2032\/revisions"}],"predecessor-version":[{"id":43716,"href":"https:\/\/www.statlook.com\/pl\/wp-json\/wp\/v2\/pages\/2032\/revisions\/43716"}],"wp:attachment":[{"href":"https:\/\/www.statlook.com\/pl\/wp-json\/wp\/v2\/media?parent=2032"}],"curies":[{"name":"wp","href":"https:\/\/api.w.org\/{rel}","templated":true}]}}