{"id":2143,"date":"2019-11-11T23:33:09","date_gmt":"2019-11-11T22:33:09","guid":{"rendered":"https:\/\/slook.speedyweb.pl\/?page_id=2143"},"modified":"2021-04-19T18:19:51","modified_gmt":"2021-04-19T16:19:51","slug":"upgrade","status":"publish","type":"page","link":"https:\/\/www.statlook.com\/pl\/upgrade\/","title":{"rendered":"Upgrade"},"content":{"rendered":"","protected":false},"excerpt":{"rendered":"","protected":false},"author":6,"featured_media":0,"parent":0,"menu_order":0,"comment_status":"closed","ping_status":"closed","template":"","meta":{"footnotes":""},"class_list":["post-2143","page","type-page","status-publish","hentry"],"yoast_head":"<!-- This site is optimized with the Yoast SEO plugin v27.6 - https:\/\/yoast.com\/product\/yoast-seo-wordpress\/ -->\n<title>Upgrade Statlook<\/title>\n<meta name=\"description\" content=\"W najnowszej ods\u0142onie systemu statlook k\u0142adziemy najwi\u0119kszy nacisk na wzrost bezpiecze\u0144stwa w zarz\u0105dzaniu Danymi Osobowymi (RODO), Licencjami, Zasobami, U\u017cytkownikami.\" \/>\n<meta name=\"robots\" content=\"index, follow, max-snippet:-1, max-image-preview:large, max-video-preview:-1\" \/>\n<link rel=\"canonical\" href=\"https:\/\/www.statlook.com\/pl\/upgrade\/\" \/>\n<meta property=\"og:locale\" content=\"pl_PL\" \/>\n<meta property=\"og:type\" content=\"article\" \/>\n<meta property=\"og:title\" content=\"Upgrade Statlook\" \/>\n<meta property=\"og:description\" content=\"W najnowszej ods\u0142onie systemu statlook k\u0142adziemy najwi\u0119kszy nacisk na wzrost bezpiecze\u0144stwa w zarz\u0105dzaniu Danymi Osobowymi (RODO), Licencjami, Zasobami, U\u017cytkownikami.\" \/>\n<meta property=\"og:url\" content=\"https:\/\/www.statlook.com\/pl\/upgrade\/\" \/>\n<meta property=\"og:site_name\" content=\"Statlook PL\" \/>\n<meta property=\"article:modified_time\" content=\"2021-04-19T16:19:51+00:00\" \/>\n<meta name=\"twitter:card\" content=\"summary_large_image\" \/>\n<script type=\"application\/ld+json\" class=\"yoast-schema-graph\">{\"@context\":\"https:\\\/\\\/schema.org\",\"@graph\":[{\"@type\":\"WebPage\",\"@id\":\"https:\\\/\\\/www.statlook.com\\\/pl\\\/upgrade\\\/\",\"url\":\"https:\\\/\\\/www.statlook.com\\\/pl\\\/upgrade\\\/\",\"name\":\"Upgrade Statlook\",\"isPartOf\":{\"@id\":\"https:\\\/\\\/www.statlook.com\\\/pl\\\/#website\"},\"datePublished\":\"2019-11-11T22:33:09+00:00\",\"dateModified\":\"2021-04-19T16:19:51+00:00\",\"description\":\"W najnowszej ods\u0142onie systemu statlook k\u0142adziemy najwi\u0119kszy nacisk na wzrost bezpiecze\u0144stwa w zarz\u0105dzaniu Danymi Osobowymi (RODO), Licencjami, Zasobami, U\u017cytkownikami.\",\"breadcrumb\":{\"@id\":\"https:\\\/\\\/www.statlook.com\\\/pl\\\/upgrade\\\/#breadcrumb\"},\"inLanguage\":\"pl-PL\",\"potentialAction\":[{\"@type\":\"ReadAction\",\"target\":[\"https:\\\/\\\/www.statlook.com\\\/pl\\\/upgrade\\\/\"]}]},{\"@type\":\"BreadcrumbList\",\"@id\":\"https:\\\/\\\/www.statlook.com\\\/pl\\\/upgrade\\\/#breadcrumb\",\"itemListElement\":[{\"@type\":\"ListItem\",\"position\":1,\"name\":\"Strona g\u0142\u00f3wna\",\"item\":\"https:\\\/\\\/www.statlook.com\\\/pl\\\/\"},{\"@type\":\"ListItem\",\"position\":2,\"name\":\"Upgrade\"}]},{\"@type\":\"WebSite\",\"@id\":\"https:\\\/\\\/www.statlook.com\\\/pl\\\/#website\",\"url\":\"https:\\\/\\\/www.statlook.com\\\/pl\\\/\",\"name\":\"Statlook PL\",\"description\":\"polska wersja strony statlook\",\"potentialAction\":[{\"@type\":\"SearchAction\",\"target\":{\"@type\":\"EntryPoint\",\"urlTemplate\":\"https:\\\/\\\/www.statlook.com\\\/pl\\\/?s={search_term_string}\"},\"query-input\":{\"@type\":\"PropertyValueSpecification\",\"valueRequired\":true,\"valueName\":\"search_term_string\"}}],\"inLanguage\":\"pl-PL\"}]}<\/script>\n<!-- \/ Yoast SEO plugin. -->","yoast_head_json":{"title":"Upgrade Statlook","description":"W najnowszej ods\u0142onie systemu statlook k\u0142adziemy najwi\u0119kszy nacisk na wzrost bezpiecze\u0144stwa w zarz\u0105dzaniu Danymi Osobowymi (RODO), Licencjami, Zasobami, U\u017cytkownikami.","robots":{"index":"index","follow":"follow","max-snippet":"max-snippet:-1","max-image-preview":"max-image-preview:large","max-video-preview":"max-video-preview:-1"},"canonical":"https:\/\/www.statlook.com\/pl\/upgrade\/","og_locale":"pl_PL","og_type":"article","og_title":"Upgrade Statlook","og_description":"W najnowszej ods\u0142onie systemu statlook k\u0142adziemy najwi\u0119kszy nacisk na wzrost bezpiecze\u0144stwa w zarz\u0105dzaniu Danymi Osobowymi (RODO), Licencjami, Zasobami, U\u017cytkownikami.","og_url":"https:\/\/www.statlook.com\/pl\/upgrade\/","og_site_name":"Statlook PL","article_modified_time":"2021-04-19T16:19:51+00:00","twitter_card":"summary_large_image","schema":{"@context":"https:\/\/schema.org","@graph":[{"@type":"WebPage","@id":"https:\/\/www.statlook.com\/pl\/upgrade\/","url":"https:\/\/www.statlook.com\/pl\/upgrade\/","name":"Upgrade Statlook","isPartOf":{"@id":"https:\/\/www.statlook.com\/pl\/#website"},"datePublished":"2019-11-11T22:33:09+00:00","dateModified":"2021-04-19T16:19:51+00:00","description":"W najnowszej ods\u0142onie systemu statlook k\u0142adziemy najwi\u0119kszy nacisk na wzrost bezpiecze\u0144stwa w zarz\u0105dzaniu Danymi Osobowymi (RODO), Licencjami, Zasobami, U\u017cytkownikami.","breadcrumb":{"@id":"https:\/\/www.statlook.com\/pl\/upgrade\/#breadcrumb"},"inLanguage":"pl-PL","potentialAction":[{"@type":"ReadAction","target":["https:\/\/www.statlook.com\/pl\/upgrade\/"]}]},{"@type":"BreadcrumbList","@id":"https:\/\/www.statlook.com\/pl\/upgrade\/#breadcrumb","itemListElement":[{"@type":"ListItem","position":1,"name":"Strona g\u0142\u00f3wna","item":"https:\/\/www.statlook.com\/pl\/"},{"@type":"ListItem","position":2,"name":"Upgrade"}]},{"@type":"WebSite","@id":"https:\/\/www.statlook.com\/pl\/#website","url":"https:\/\/www.statlook.com\/pl\/","name":"Statlook PL","description":"polska wersja strony statlook","potentialAction":[{"@type":"SearchAction","target":{"@type":"EntryPoint","urlTemplate":"https:\/\/www.statlook.com\/pl\/?s={search_term_string}"},"query-input":{"@type":"PropertyValueSpecification","valueRequired":true,"valueName":"search_term_string"}}],"inLanguage":"pl-PL"}]}},"_links":{"self":[{"href":"https:\/\/www.statlook.com\/pl\/wp-json\/wp\/v2\/pages\/2143","targetHints":{"allow":["GET"]}}],"collection":[{"href":"https:\/\/www.statlook.com\/pl\/wp-json\/wp\/v2\/pages"}],"about":[{"href":"https:\/\/www.statlook.com\/pl\/wp-json\/wp\/v2\/types\/page"}],"author":[{"embeddable":true,"href":"https:\/\/www.statlook.com\/pl\/wp-json\/wp\/v2\/users\/6"}],"replies":[{"embeddable":true,"href":"https:\/\/www.statlook.com\/pl\/wp-json\/wp\/v2\/comments?post=2143"}],"version-history":[{"count":7,"href":"https:\/\/www.statlook.com\/pl\/wp-json\/wp\/v2\/pages\/2143\/revisions"}],"predecessor-version":[{"id":43467,"href":"https:\/\/www.statlook.com\/pl\/wp-json\/wp\/v2\/pages\/2143\/revisions\/43467"}],"wp:attachment":[{"href":"https:\/\/www.statlook.com\/pl\/wp-json\/wp\/v2\/media?parent=2143"}],"curies":[{"name":"wp","href":"https:\/\/api.w.org\/{rel}","templated":true}]}}