{"id":43028,"date":"2020-01-16T11:26:12","date_gmt":"2020-01-16T10:26:12","guid":{"rendered":"https:\/\/www.statlook.com\/pl\/?page_id=43028"},"modified":"2021-04-19T18:43:21","modified_gmt":"2021-04-19T16:43:21","slug":"o-firmie","status":"publish","type":"page","link":"https:\/\/www.statlook.com\/pl\/o-firmie\/","title":{"rendered":"O firmie"},"content":{"rendered":"","protected":false},"excerpt":{"rendered":"","protected":false},"author":1,"featured_media":0,"parent":0,"menu_order":0,"comment_status":"closed","ping_status":"closed","template":"","meta":{"footnotes":""},"class_list":["post-43028","page","type-page","status-publish","hentry"],"yoast_head":"<!-- This site is optimized with the Yoast SEO plugin v27.5 - https:\/\/yoast.com\/product\/yoast-seo-wordpress\/ -->\n<title>Media-press.tv - Dostawca Rozwi\u0105za\u0144 dla IT<\/title>\n<meta name=\"description\" content=\"Media-press.tv SA od ponad 30 lat tworzy Zaawansowane Oprogramowanie do Zarz\u0105dzania Zasobami IT i Ludzkimi.\" \/>\n<meta name=\"robots\" content=\"index, follow, max-snippet:-1, max-image-preview:large, max-video-preview:-1\" \/>\n<link rel=\"canonical\" href=\"https:\/\/www.statlook.com\/pl\/o-firmie\/\" \/>\n<meta property=\"og:locale\" content=\"pl_PL\" \/>\n<meta property=\"og:type\" content=\"article\" \/>\n<meta property=\"og:title\" content=\"Media-press.tv - Dostawca Rozwi\u0105za\u0144 dla IT\" \/>\n<meta property=\"og:description\" content=\"Media-press.tv SA od ponad 30 lat tworzy Zaawansowane Oprogramowanie do Zarz\u0105dzania Zasobami IT i Ludzkimi.\" \/>\n<meta property=\"og:url\" content=\"https:\/\/www.statlook.com\/pl\/o-firmie\/\" \/>\n<meta property=\"og:site_name\" content=\"Statlook PL\" \/>\n<meta property=\"article:modified_time\" content=\"2021-04-19T16:43:21+00:00\" \/>\n<meta name=\"twitter:card\" content=\"summary_large_image\" \/>\n<script type=\"application\/ld+json\" class=\"yoast-schema-graph\">{\"@context\":\"https:\\\/\\\/schema.org\",\"@graph\":[{\"@type\":\"WebPage\",\"@id\":\"https:\\\/\\\/www.statlook.com\\\/pl\\\/o-firmie\\\/\",\"url\":\"https:\\\/\\\/www.statlook.com\\\/pl\\\/o-firmie\\\/\",\"name\":\"Media-press.tv - Dostawca Rozwi\u0105za\u0144 dla IT\",\"isPartOf\":{\"@id\":\"https:\\\/\\\/www.statlook.com\\\/pl\\\/#website\"},\"datePublished\":\"2020-01-16T10:26:12+00:00\",\"dateModified\":\"2021-04-19T16:43:21+00:00\",\"description\":\"Media-press.tv SA od ponad 30 lat tworzy Zaawansowane Oprogramowanie do Zarz\u0105dzania Zasobami IT i Ludzkimi.\",\"breadcrumb\":{\"@id\":\"https:\\\/\\\/www.statlook.com\\\/pl\\\/o-firmie\\\/#breadcrumb\"},\"inLanguage\":\"pl-PL\",\"potentialAction\":[{\"@type\":\"ReadAction\",\"target\":[\"https:\\\/\\\/www.statlook.com\\\/pl\\\/o-firmie\\\/\"]}]},{\"@type\":\"BreadcrumbList\",\"@id\":\"https:\\\/\\\/www.statlook.com\\\/pl\\\/o-firmie\\\/#breadcrumb\",\"itemListElement\":[{\"@type\":\"ListItem\",\"position\":1,\"name\":\"Strona g\u0142\u00f3wna\",\"item\":\"https:\\\/\\\/www.statlook.com\\\/pl\\\/\"},{\"@type\":\"ListItem\",\"position\":2,\"name\":\"O firmie\"}]},{\"@type\":\"WebSite\",\"@id\":\"https:\\\/\\\/www.statlook.com\\\/pl\\\/#website\",\"url\":\"https:\\\/\\\/www.statlook.com\\\/pl\\\/\",\"name\":\"Statlook PL\",\"description\":\"polska wersja strony statlook\",\"potentialAction\":[{\"@type\":\"SearchAction\",\"target\":{\"@type\":\"EntryPoint\",\"urlTemplate\":\"https:\\\/\\\/www.statlook.com\\\/pl\\\/?s={search_term_string}\"},\"query-input\":{\"@type\":\"PropertyValueSpecification\",\"valueRequired\":true,\"valueName\":\"search_term_string\"}}],\"inLanguage\":\"pl-PL\"}]}<\/script>\n<!-- \/ Yoast SEO plugin. -->","yoast_head_json":{"title":"Media-press.tv - Dostawca Rozwi\u0105za\u0144 dla IT","description":"Media-press.tv SA od ponad 30 lat tworzy Zaawansowane Oprogramowanie do Zarz\u0105dzania Zasobami IT i Ludzkimi.","robots":{"index":"index","follow":"follow","max-snippet":"max-snippet:-1","max-image-preview":"max-image-preview:large","max-video-preview":"max-video-preview:-1"},"canonical":"https:\/\/www.statlook.com\/pl\/o-firmie\/","og_locale":"pl_PL","og_type":"article","og_title":"Media-press.tv - Dostawca Rozwi\u0105za\u0144 dla IT","og_description":"Media-press.tv SA od ponad 30 lat tworzy Zaawansowane Oprogramowanie do Zarz\u0105dzania Zasobami IT i Ludzkimi.","og_url":"https:\/\/www.statlook.com\/pl\/o-firmie\/","og_site_name":"Statlook PL","article_modified_time":"2021-04-19T16:43:21+00:00","twitter_card":"summary_large_image","schema":{"@context":"https:\/\/schema.org","@graph":[{"@type":"WebPage","@id":"https:\/\/www.statlook.com\/pl\/o-firmie\/","url":"https:\/\/www.statlook.com\/pl\/o-firmie\/","name":"Media-press.tv - Dostawca Rozwi\u0105za\u0144 dla IT","isPartOf":{"@id":"https:\/\/www.statlook.com\/pl\/#website"},"datePublished":"2020-01-16T10:26:12+00:00","dateModified":"2021-04-19T16:43:21+00:00","description":"Media-press.tv SA od ponad 30 lat tworzy Zaawansowane Oprogramowanie do Zarz\u0105dzania Zasobami IT i Ludzkimi.","breadcrumb":{"@id":"https:\/\/www.statlook.com\/pl\/o-firmie\/#breadcrumb"},"inLanguage":"pl-PL","potentialAction":[{"@type":"ReadAction","target":["https:\/\/www.statlook.com\/pl\/o-firmie\/"]}]},{"@type":"BreadcrumbList","@id":"https:\/\/www.statlook.com\/pl\/o-firmie\/#breadcrumb","itemListElement":[{"@type":"ListItem","position":1,"name":"Strona g\u0142\u00f3wna","item":"https:\/\/www.statlook.com\/pl\/"},{"@type":"ListItem","position":2,"name":"O firmie"}]},{"@type":"WebSite","@id":"https:\/\/www.statlook.com\/pl\/#website","url":"https:\/\/www.statlook.com\/pl\/","name":"Statlook PL","description":"polska wersja strony statlook","potentialAction":[{"@type":"SearchAction","target":{"@type":"EntryPoint","urlTemplate":"https:\/\/www.statlook.com\/pl\/?s={search_term_string}"},"query-input":{"@type":"PropertyValueSpecification","valueRequired":true,"valueName":"search_term_string"}}],"inLanguage":"pl-PL"}]}},"_links":{"self":[{"href":"https:\/\/www.statlook.com\/pl\/wp-json\/wp\/v2\/pages\/43028","targetHints":{"allow":["GET"]}}],"collection":[{"href":"https:\/\/www.statlook.com\/pl\/wp-json\/wp\/v2\/pages"}],"about":[{"href":"https:\/\/www.statlook.com\/pl\/wp-json\/wp\/v2\/types\/page"}],"author":[{"embeddable":true,"href":"https:\/\/www.statlook.com\/pl\/wp-json\/wp\/v2\/users\/1"}],"replies":[{"embeddable":true,"href":"https:\/\/www.statlook.com\/pl\/wp-json\/wp\/v2\/comments?post=43028"}],"version-history":[{"count":3,"href":"https:\/\/www.statlook.com\/pl\/wp-json\/wp\/v2\/pages\/43028\/revisions"}],"predecessor-version":[{"id":43727,"href":"https:\/\/www.statlook.com\/pl\/wp-json\/wp\/v2\/pages\/43028\/revisions\/43727"}],"wp:attachment":[{"href":"https:\/\/www.statlook.com\/pl\/wp-json\/wp\/v2\/media?parent=43028"}],"curies":[{"name":"wp","href":"https:\/\/api.w.org\/{rel}","templated":true}]}}