{"id":44042,"date":"2022-05-30T10:58:18","date_gmt":"2022-05-30T08:58:18","guid":{"rendered":"https:\/\/www.statlook.com\/pl\/?page_id=44042"},"modified":"2022-05-30T12:43:07","modified_gmt":"2022-05-30T10:43:07","slug":"fundusze-na-cyberbezpieczenstwo-w-sluzbie-zdrowia","status":"publish","type":"page","link":"https:\/\/www.statlook.com\/pl\/fundusze-na-cyberbezpieczenstwo-w-sluzbie-zdrowia\/","title":{"rendered":"Fundusze na cyberbezpiecze\u0144stwo w s\u0142u\u017cbie zdrowia"},"content":{"rendered":"\n<p>Skorzystaj ze Statlooka, zbuduj bezpiecze\u0144stwo swojej instytucji<\/p>\n","protected":false},"excerpt":{"rendered":"<p>Skorzystaj ze Statlooka, zbuduj bezpiecze\u0144stwo swojej instytucji<\/p>\n","protected":false},"author":14,"featured_media":0,"parent":0,"menu_order":0,"comment_status":"closed","ping_status":"closed","template":"","meta":{"footnotes":""},"class_list":["post-44042","page","type-page","status-publish","hentry"],"yoast_head":"<!-- This site is optimized with the Yoast SEO plugin v27.3 - https:\/\/yoast.com\/product\/yoast-seo-wordpress\/ -->\n<title>Fundusze na cyberbezpiecze\u0144stwo w s\u0142u\u017cbie zdrowia. Sprawd\u017a<\/title>\n<meta name=\"description\" content=\"Wykorzystaj program Statlook do zabezpieczenia szpitala lub innej plac\u00f3wki medycznej. Fundusze na ten cel dost\u0119pne s\u0105 w NFZ w 2022 r.\" \/>\n<meta name=\"robots\" content=\"index, follow, max-snippet:-1, max-image-preview:large, max-video-preview:-1\" \/>\n<link rel=\"canonical\" href=\"https:\/\/www.statlook.com\/pl\/fundusze-na-cyberbezpieczenstwo-w-sluzbie-zdrowia\/\" \/>\n<meta property=\"og:locale\" content=\"pl_PL\" \/>\n<meta property=\"og:type\" content=\"article\" \/>\n<meta property=\"og:title\" content=\"Fundusze na cyberbezpiecze\u0144stwo w s\u0142u\u017cbie zdrowia. Sprawd\u017a\" \/>\n<meta property=\"og:description\" content=\"Wykorzystaj program Statlook do zabezpieczenia szpitala lub innej plac\u00f3wki medycznej. Fundusze na ten cel dost\u0119pne s\u0105 w NFZ w 2022 r.\" \/>\n<meta property=\"og:url\" content=\"https:\/\/www.statlook.com\/pl\/fundusze-na-cyberbezpieczenstwo-w-sluzbie-zdrowia\/\" \/>\n<meta property=\"og:site_name\" content=\"Statlook PL\" \/>\n<meta property=\"article:modified_time\" content=\"2022-05-30T10:43:07+00:00\" \/>\n<meta name=\"twitter:card\" content=\"summary_large_image\" \/>\n<meta name=\"twitter:label1\" content=\"Szacowany czas czytania\" \/>\n\t<meta name=\"twitter:data1\" content=\"1 minuta\" \/>\n<script type=\"application\/ld+json\" class=\"yoast-schema-graph\">{\"@context\":\"https:\\\/\\\/schema.org\",\"@graph\":[{\"@type\":\"WebPage\",\"@id\":\"https:\\\/\\\/www.statlook.com\\\/pl\\\/fundusze-na-cyberbezpieczenstwo-w-sluzbie-zdrowia\\\/\",\"url\":\"https:\\\/\\\/www.statlook.com\\\/pl\\\/fundusze-na-cyberbezpieczenstwo-w-sluzbie-zdrowia\\\/\",\"name\":\"Fundusze na cyberbezpiecze\u0144stwo w s\u0142u\u017cbie zdrowia. Sprawd\u017a\",\"isPartOf\":{\"@id\":\"https:\\\/\\\/www.statlook.com\\\/pl\\\/#website\"},\"datePublished\":\"2022-05-30T08:58:18+00:00\",\"dateModified\":\"2022-05-30T10:43:07+00:00\",\"description\":\"Wykorzystaj program Statlook do zabezpieczenia szpitala lub innej plac\u00f3wki medycznej. Fundusze na ten cel dost\u0119pne s\u0105 w NFZ w 2022 r.\",\"breadcrumb\":{\"@id\":\"https:\\\/\\\/www.statlook.com\\\/pl\\\/fundusze-na-cyberbezpieczenstwo-w-sluzbie-zdrowia\\\/#breadcrumb\"},\"inLanguage\":\"pl-PL\",\"potentialAction\":[{\"@type\":\"ReadAction\",\"target\":[\"https:\\\/\\\/www.statlook.com\\\/pl\\\/fundusze-na-cyberbezpieczenstwo-w-sluzbie-zdrowia\\\/\"]}]},{\"@type\":\"BreadcrumbList\",\"@id\":\"https:\\\/\\\/www.statlook.com\\\/pl\\\/fundusze-na-cyberbezpieczenstwo-w-sluzbie-zdrowia\\\/#breadcrumb\",\"itemListElement\":[{\"@type\":\"ListItem\",\"position\":1,\"name\":\"Strona g\u0142\u00f3wna\",\"item\":\"https:\\\/\\\/www.statlook.com\\\/pl\\\/\"},{\"@type\":\"ListItem\",\"position\":2,\"name\":\"Fundusze na cyberbezpiecze\u0144stwo w s\u0142u\u017cbie zdrowia\"}]},{\"@type\":\"WebSite\",\"@id\":\"https:\\\/\\\/www.statlook.com\\\/pl\\\/#website\",\"url\":\"https:\\\/\\\/www.statlook.com\\\/pl\\\/\",\"name\":\"Statlook PL\",\"description\":\"polska wersja strony statlook\",\"potentialAction\":[{\"@type\":\"SearchAction\",\"target\":{\"@type\":\"EntryPoint\",\"urlTemplate\":\"https:\\\/\\\/www.statlook.com\\\/pl\\\/?s={search_term_string}\"},\"query-input\":{\"@type\":\"PropertyValueSpecification\",\"valueRequired\":true,\"valueName\":\"search_term_string\"}}],\"inLanguage\":\"pl-PL\"}]}<\/script>\n<!-- \/ Yoast SEO plugin. -->","yoast_head_json":{"title":"Fundusze na cyberbezpiecze\u0144stwo w s\u0142u\u017cbie zdrowia. Sprawd\u017a","description":"Wykorzystaj program Statlook do zabezpieczenia szpitala lub innej plac\u00f3wki medycznej. Fundusze na ten cel dost\u0119pne s\u0105 w NFZ w 2022 r.","robots":{"index":"index","follow":"follow","max-snippet":"max-snippet:-1","max-image-preview":"max-image-preview:large","max-video-preview":"max-video-preview:-1"},"canonical":"https:\/\/www.statlook.com\/pl\/fundusze-na-cyberbezpieczenstwo-w-sluzbie-zdrowia\/","og_locale":"pl_PL","og_type":"article","og_title":"Fundusze na cyberbezpiecze\u0144stwo w s\u0142u\u017cbie zdrowia. Sprawd\u017a","og_description":"Wykorzystaj program Statlook do zabezpieczenia szpitala lub innej plac\u00f3wki medycznej. Fundusze na ten cel dost\u0119pne s\u0105 w NFZ w 2022 r.","og_url":"https:\/\/www.statlook.com\/pl\/fundusze-na-cyberbezpieczenstwo-w-sluzbie-zdrowia\/","og_site_name":"Statlook PL","article_modified_time":"2022-05-30T10:43:07+00:00","twitter_card":"summary_large_image","twitter_misc":{"Szacowany czas czytania":"1 minuta"},"schema":{"@context":"https:\/\/schema.org","@graph":[{"@type":"WebPage","@id":"https:\/\/www.statlook.com\/pl\/fundusze-na-cyberbezpieczenstwo-w-sluzbie-zdrowia\/","url":"https:\/\/www.statlook.com\/pl\/fundusze-na-cyberbezpieczenstwo-w-sluzbie-zdrowia\/","name":"Fundusze na cyberbezpiecze\u0144stwo w s\u0142u\u017cbie zdrowia. Sprawd\u017a","isPartOf":{"@id":"https:\/\/www.statlook.com\/pl\/#website"},"datePublished":"2022-05-30T08:58:18+00:00","dateModified":"2022-05-30T10:43:07+00:00","description":"Wykorzystaj program Statlook do zabezpieczenia szpitala lub innej plac\u00f3wki medycznej. Fundusze na ten cel dost\u0119pne s\u0105 w NFZ w 2022 r.","breadcrumb":{"@id":"https:\/\/www.statlook.com\/pl\/fundusze-na-cyberbezpieczenstwo-w-sluzbie-zdrowia\/#breadcrumb"},"inLanguage":"pl-PL","potentialAction":[{"@type":"ReadAction","target":["https:\/\/www.statlook.com\/pl\/fundusze-na-cyberbezpieczenstwo-w-sluzbie-zdrowia\/"]}]},{"@type":"BreadcrumbList","@id":"https:\/\/www.statlook.com\/pl\/fundusze-na-cyberbezpieczenstwo-w-sluzbie-zdrowia\/#breadcrumb","itemListElement":[{"@type":"ListItem","position":1,"name":"Strona g\u0142\u00f3wna","item":"https:\/\/www.statlook.com\/pl\/"},{"@type":"ListItem","position":2,"name":"Fundusze na cyberbezpiecze\u0144stwo w s\u0142u\u017cbie zdrowia"}]},{"@type":"WebSite","@id":"https:\/\/www.statlook.com\/pl\/#website","url":"https:\/\/www.statlook.com\/pl\/","name":"Statlook PL","description":"polska wersja strony statlook","potentialAction":[{"@type":"SearchAction","target":{"@type":"EntryPoint","urlTemplate":"https:\/\/www.statlook.com\/pl\/?s={search_term_string}"},"query-input":{"@type":"PropertyValueSpecification","valueRequired":true,"valueName":"search_term_string"}}],"inLanguage":"pl-PL"}]}},"_links":{"self":[{"href":"https:\/\/www.statlook.com\/pl\/wp-json\/wp\/v2\/pages\/44042","targetHints":{"allow":["GET"]}}],"collection":[{"href":"https:\/\/www.statlook.com\/pl\/wp-json\/wp\/v2\/pages"}],"about":[{"href":"https:\/\/www.statlook.com\/pl\/wp-json\/wp\/v2\/types\/page"}],"author":[{"embeddable":true,"href":"https:\/\/www.statlook.com\/pl\/wp-json\/wp\/v2\/users\/14"}],"replies":[{"embeddable":true,"href":"https:\/\/www.statlook.com\/pl\/wp-json\/wp\/v2\/comments?post=44042"}],"version-history":[{"count":1,"href":"https:\/\/www.statlook.com\/pl\/wp-json\/wp\/v2\/pages\/44042\/revisions"}],"predecessor-version":[{"id":44043,"href":"https:\/\/www.statlook.com\/pl\/wp-json\/wp\/v2\/pages\/44042\/revisions\/44043"}],"wp:attachment":[{"href":"https:\/\/www.statlook.com\/pl\/wp-json\/wp\/v2\/media?parent=44042"}],"curies":[{"name":"wp","href":"https:\/\/api.w.org\/{rel}","templated":true}]}}