{"id":53723,"date":"2024-11-19T11:06:12","date_gmt":"2024-11-19T10:06:12","guid":{"rendered":"https:\/\/www.statlook.com\/pl\/?page_id=53723"},"modified":"2024-11-19T11:12:11","modified_gmt":"2024-11-19T10:12:11","slug":"dyrektywa-nis2-statlook","status":"publish","type":"page","link":"https:\/\/www.statlook.com\/pl\/dyrektywa-nis2-statlook\/","title":{"rendered":"Dyrektywa NIS2 - Statlook"},"content":{"rendered":"","protected":false},"excerpt":{"rendered":"","protected":false},"author":14,"featured_media":0,"parent":0,"menu_order":0,"comment_status":"closed","ping_status":"closed","template":"","meta":{"footnotes":""},"class_list":["post-53723","page","type-page","status-publish","hentry"],"yoast_head":"<!-- This site is optimized with the Yoast SEO plugin v27.4 - https:\/\/yoast.com\/product\/yoast-seo-wordpress\/ -->\n<title>Dyrektywa NIS2 i Statlook - System do Zarz\u0105dzania Zasobami IT<\/title>\n<meta name=\"description\" content=\"Statlook pomaga sprosta\u0107 wymaganiom dyrektywy NIS2, kt\u00f3ra nakazuje firmom i instytucjom dzia\u0142ania zwiazane z zapewnieniem cyberbezpiecze\u0144stwa\" \/>\n<meta name=\"robots\" content=\"index, follow, max-snippet:-1, max-image-preview:large, max-video-preview:-1\" \/>\n<link rel=\"canonical\" href=\"https:\/\/www.statlook.com\/pl\/dyrektywa-nis2-statlook\/\" \/>\n<meta property=\"og:locale\" content=\"pl_PL\" \/>\n<meta property=\"og:type\" content=\"article\" \/>\n<meta property=\"og:title\" content=\"Dyrektywa NIS2 i Statlook - System do Zarz\u0105dzania Zasobami IT\" \/>\n<meta property=\"og:description\" content=\"Statlook pomaga sprosta\u0107 wymaganiom dyrektywy NIS2, kt\u00f3ra nakazuje firmom i instytucjom dzia\u0142ania zwiazane z zapewnieniem cyberbezpiecze\u0144stwa\" \/>\n<meta property=\"og:url\" content=\"https:\/\/www.statlook.com\/pl\/dyrektywa-nis2-statlook\/\" \/>\n<meta property=\"og:site_name\" content=\"Statlook PL\" \/>\n<meta property=\"article:modified_time\" content=\"2024-11-19T10:12:11+00:00\" \/>\n<meta name=\"twitter:card\" content=\"summary_large_image\" \/>\n<meta name=\"twitter:label1\" content=\"Szacowany czas czytania\" \/>\n\t<meta name=\"twitter:data1\" content=\"10 minut\" \/>\n<script type=\"application\/ld+json\" class=\"yoast-schema-graph\">{\"@context\":\"https:\\\/\\\/schema.org\",\"@graph\":[{\"@type\":\"WebPage\",\"@id\":\"https:\\\/\\\/www.statlook.com\\\/pl\\\/dyrektywa-nis2-statlook\\\/\",\"url\":\"https:\\\/\\\/www.statlook.com\\\/pl\\\/dyrektywa-nis2-statlook\\\/\",\"name\":\"Dyrektywa NIS2 i Statlook - System do Zarz\u0105dzania Zasobami IT\",\"isPartOf\":{\"@id\":\"https:\\\/\\\/www.statlook.com\\\/pl\\\/#website\"},\"datePublished\":\"2024-11-19T10:06:12+00:00\",\"dateModified\":\"2024-11-19T10:12:11+00:00\",\"description\":\"Statlook pomaga sprosta\u0107 wymaganiom dyrektywy NIS2, kt\u00f3ra nakazuje firmom i instytucjom dzia\u0142ania zwiazane z zapewnieniem cyberbezpiecze\u0144stwa\",\"breadcrumb\":{\"@id\":\"https:\\\/\\\/www.statlook.com\\\/pl\\\/dyrektywa-nis2-statlook\\\/#breadcrumb\"},\"inLanguage\":\"pl-PL\",\"potentialAction\":[{\"@type\":\"ReadAction\",\"target\":[\"https:\\\/\\\/www.statlook.com\\\/pl\\\/dyrektywa-nis2-statlook\\\/\"]}]},{\"@type\":\"BreadcrumbList\",\"@id\":\"https:\\\/\\\/www.statlook.com\\\/pl\\\/dyrektywa-nis2-statlook\\\/#breadcrumb\",\"itemListElement\":[{\"@type\":\"ListItem\",\"position\":1,\"name\":\"Strona g\u0142\u00f3wna\",\"item\":\"https:\\\/\\\/www.statlook.com\\\/pl\\\/\"},{\"@type\":\"ListItem\",\"position\":2,\"name\":\"Dyrektywa NIS2 - Statlook\"}]},{\"@type\":\"WebSite\",\"@id\":\"https:\\\/\\\/www.statlook.com\\\/pl\\\/#website\",\"url\":\"https:\\\/\\\/www.statlook.com\\\/pl\\\/\",\"name\":\"Statlook PL\",\"description\":\"polska wersja strony statlook\",\"potentialAction\":[{\"@type\":\"SearchAction\",\"target\":{\"@type\":\"EntryPoint\",\"urlTemplate\":\"https:\\\/\\\/www.statlook.com\\\/pl\\\/?s={search_term_string}\"},\"query-input\":{\"@type\":\"PropertyValueSpecification\",\"valueRequired\":true,\"valueName\":\"search_term_string\"}}],\"inLanguage\":\"pl-PL\"}]}<\/script>\n<!-- \/ Yoast SEO plugin. -->","yoast_head_json":{"title":"Dyrektywa NIS2 i Statlook - System do Zarz\u0105dzania Zasobami IT","description":"Statlook pomaga sprosta\u0107 wymaganiom dyrektywy NIS2, kt\u00f3ra nakazuje firmom i instytucjom dzia\u0142ania zwiazane z zapewnieniem cyberbezpiecze\u0144stwa","robots":{"index":"index","follow":"follow","max-snippet":"max-snippet:-1","max-image-preview":"max-image-preview:large","max-video-preview":"max-video-preview:-1"},"canonical":"https:\/\/www.statlook.com\/pl\/dyrektywa-nis2-statlook\/","og_locale":"pl_PL","og_type":"article","og_title":"Dyrektywa NIS2 i Statlook - System do Zarz\u0105dzania Zasobami IT","og_description":"Statlook pomaga sprosta\u0107 wymaganiom dyrektywy NIS2, kt\u00f3ra nakazuje firmom i instytucjom dzia\u0142ania zwiazane z zapewnieniem cyberbezpiecze\u0144stwa","og_url":"https:\/\/www.statlook.com\/pl\/dyrektywa-nis2-statlook\/","og_site_name":"Statlook PL","article_modified_time":"2024-11-19T10:12:11+00:00","twitter_card":"summary_large_image","twitter_misc":{"Szacowany czas czytania":"10 minut"},"schema":{"@context":"https:\/\/schema.org","@graph":[{"@type":"WebPage","@id":"https:\/\/www.statlook.com\/pl\/dyrektywa-nis2-statlook\/","url":"https:\/\/www.statlook.com\/pl\/dyrektywa-nis2-statlook\/","name":"Dyrektywa NIS2 i Statlook - System do Zarz\u0105dzania Zasobami IT","isPartOf":{"@id":"https:\/\/www.statlook.com\/pl\/#website"},"datePublished":"2024-11-19T10:06:12+00:00","dateModified":"2024-11-19T10:12:11+00:00","description":"Statlook pomaga sprosta\u0107 wymaganiom dyrektywy NIS2, kt\u00f3ra nakazuje firmom i instytucjom dzia\u0142ania zwiazane z zapewnieniem cyberbezpiecze\u0144stwa","breadcrumb":{"@id":"https:\/\/www.statlook.com\/pl\/dyrektywa-nis2-statlook\/#breadcrumb"},"inLanguage":"pl-PL","potentialAction":[{"@type":"ReadAction","target":["https:\/\/www.statlook.com\/pl\/dyrektywa-nis2-statlook\/"]}]},{"@type":"BreadcrumbList","@id":"https:\/\/www.statlook.com\/pl\/dyrektywa-nis2-statlook\/#breadcrumb","itemListElement":[{"@type":"ListItem","position":1,"name":"Strona g\u0142\u00f3wna","item":"https:\/\/www.statlook.com\/pl\/"},{"@type":"ListItem","position":2,"name":"Dyrektywa NIS2 - Statlook"}]},{"@type":"WebSite","@id":"https:\/\/www.statlook.com\/pl\/#website","url":"https:\/\/www.statlook.com\/pl\/","name":"Statlook PL","description":"polska wersja strony statlook","potentialAction":[{"@type":"SearchAction","target":{"@type":"EntryPoint","urlTemplate":"https:\/\/www.statlook.com\/pl\/?s={search_term_string}"},"query-input":{"@type":"PropertyValueSpecification","valueRequired":true,"valueName":"search_term_string"}}],"inLanguage":"pl-PL"}]}},"_links":{"self":[{"href":"https:\/\/www.statlook.com\/pl\/wp-json\/wp\/v2\/pages\/53723","targetHints":{"allow":["GET"]}}],"collection":[{"href":"https:\/\/www.statlook.com\/pl\/wp-json\/wp\/v2\/pages"}],"about":[{"href":"https:\/\/www.statlook.com\/pl\/wp-json\/wp\/v2\/types\/page"}],"author":[{"embeddable":true,"href":"https:\/\/www.statlook.com\/pl\/wp-json\/wp\/v2\/users\/14"}],"replies":[{"embeddable":true,"href":"https:\/\/www.statlook.com\/pl\/wp-json\/wp\/v2\/comments?post=53723"}],"version-history":[{"count":1,"href":"https:\/\/www.statlook.com\/pl\/wp-json\/wp\/v2\/pages\/53723\/revisions"}],"predecessor-version":[{"id":53724,"href":"https:\/\/www.statlook.com\/pl\/wp-json\/wp\/v2\/pages\/53723\/revisions\/53724"}],"wp:attachment":[{"href":"https:\/\/www.statlook.com\/pl\/wp-json\/wp\/v2\/media?parent=53723"}],"curies":[{"name":"wp","href":"https:\/\/api.w.org\/{rel}","templated":true}]}}