{"id":2137,"date":"2019-11-11T15:12:29","date_gmt":"2019-11-11T14:12:29","guid":{"rendered":"https:\/\/slook.speedyweb.pl\/?page_id=2137"},"modified":"2021-04-23T13:26:19","modified_gmt":"2021-04-23T11:26:19","slug":"maintenance-plan","status":"publish","type":"page","link":"https:\/\/www.statlook.com\/ro\/maintenance-plan\/","title":{"rendered":"Mentenan\u021b\u0103"},"content":{"rendered":"","protected":false},"excerpt":{"rendered":"","protected":false},"author":1,"featured_media":0,"parent":0,"menu_order":0,"comment_status":"closed","ping_status":"closed","template":"","meta":{"footnotes":""},"class_list":["post-2137","page","type-page","status-publish","hentry"],"yoast_head":"<!-- This site is optimized with the Yoast SEO plugin v27.5 - https:\/\/yoast.com\/product\/yoast-seo-wordpress\/ -->\n<title>Comanda\u021bi Mentenan\u021b\u0103 a Sistemului de Management IT Statlook<\/title>\n<meta name=\"description\" content=\"Asisten\u021ba Statlook oferit\u0103 ca o parte a cooper\u0103rii. Folosi\u021bi cuno\u0219tin\u021bele speciali\u0219tilor cu experien\u021b\u0103, care v\u0103 ajut\u0103 cu mare pl\u0103cere s\u0103 rezolva\u021bi orice problem\u0103\" \/>\n<meta name=\"robots\" content=\"index, follow, max-snippet:-1, max-image-preview:large, max-video-preview:-1\" \/>\n<link rel=\"canonical\" href=\"https:\/\/www.statlook.com\/ro\/maintenance-plan\/\" \/>\n<meta property=\"og:locale\" content=\"ro_RO\" \/>\n<meta property=\"og:type\" content=\"article\" \/>\n<meta property=\"og:title\" content=\"Comanda\u021bi Mentenan\u021b\u0103 a Sistemului de Management IT Statlook\" \/>\n<meta property=\"og:description\" content=\"Asisten\u021ba Statlook oferit\u0103 ca o parte a cooper\u0103rii. Folosi\u021bi cuno\u0219tin\u021bele speciali\u0219tilor cu experien\u021b\u0103, care v\u0103 ajut\u0103 cu mare pl\u0103cere s\u0103 rezolva\u021bi orice problem\u0103\" \/>\n<meta property=\"og:url\" content=\"https:\/\/www.statlook.com\/ro\/maintenance-plan\/\" \/>\n<meta property=\"og:site_name\" content=\"Statlook RO\" \/>\n<meta property=\"article:modified_time\" content=\"2021-04-23T11:26:19+00:00\" \/>\n<meta name=\"twitter:card\" content=\"summary_large_image\" \/>\n<script type=\"application\/ld+json\" class=\"yoast-schema-graph\">{\"@context\":\"https:\\\/\\\/schema.org\",\"@graph\":[{\"@type\":\"WebPage\",\"@id\":\"https:\\\/\\\/www.statlook.com\\\/ro\\\/maintenance-plan\\\/\",\"url\":\"https:\\\/\\\/www.statlook.com\\\/ro\\\/maintenance-plan\\\/\",\"name\":\"Comanda\u021bi Mentenan\u021b\u0103 a Sistemului de Management IT Statlook\",\"isPartOf\":{\"@id\":\"https:\\\/\\\/www.statlook.com\\\/ro\\\/#website\"},\"datePublished\":\"2019-11-11T14:12:29+00:00\",\"dateModified\":\"2021-04-23T11:26:19+00:00\",\"description\":\"Asisten\u021ba Statlook oferit\u0103 ca o parte a cooper\u0103rii. Folosi\u021bi cuno\u0219tin\u021bele speciali\u0219tilor cu experien\u021b\u0103, care v\u0103 ajut\u0103 cu mare pl\u0103cere s\u0103 rezolva\u021bi orice problem\u0103\",\"breadcrumb\":{\"@id\":\"https:\\\/\\\/www.statlook.com\\\/ro\\\/maintenance-plan\\\/#breadcrumb\"},\"inLanguage\":\"ro-RO\",\"potentialAction\":[{\"@type\":\"ReadAction\",\"target\":[\"https:\\\/\\\/www.statlook.com\\\/ro\\\/maintenance-plan\\\/\"]}]},{\"@type\":\"BreadcrumbList\",\"@id\":\"https:\\\/\\\/www.statlook.com\\\/ro\\\/maintenance-plan\\\/#breadcrumb\",\"itemListElement\":[{\"@type\":\"ListItem\",\"position\":1,\"name\":\"Strona g\u0142\u00f3wna\",\"item\":\"https:\\\/\\\/www.statlook.com\\\/ro\\\/\"},{\"@type\":\"ListItem\",\"position\":2,\"name\":\"Mentenan\u021b\u0103\"}]},{\"@type\":\"WebSite\",\"@id\":\"https:\\\/\\\/www.statlook.com\\\/ro\\\/#website\",\"url\":\"https:\\\/\\\/www.statlook.com\\\/ro\\\/\",\"name\":\"Statlook RO\",\"description\":\"rumu\u0144ska wersja strony statlook\",\"potentialAction\":[{\"@type\":\"SearchAction\",\"target\":{\"@type\":\"EntryPoint\",\"urlTemplate\":\"https:\\\/\\\/www.statlook.com\\\/ro\\\/?s={search_term_string}\"},\"query-input\":{\"@type\":\"PropertyValueSpecification\",\"valueRequired\":true,\"valueName\":\"search_term_string\"}}],\"inLanguage\":\"ro-RO\"}]}<\/script>\n<!-- \/ Yoast SEO plugin. -->","yoast_head_json":{"title":"Comanda\u021bi Mentenan\u021b\u0103 a Sistemului de Management IT Statlook","description":"Asisten\u021ba Statlook oferit\u0103 ca o parte a cooper\u0103rii. Folosi\u021bi cuno\u0219tin\u021bele speciali\u0219tilor cu experien\u021b\u0103, care v\u0103 ajut\u0103 cu mare pl\u0103cere s\u0103 rezolva\u021bi orice problem\u0103","robots":{"index":"index","follow":"follow","max-snippet":"max-snippet:-1","max-image-preview":"max-image-preview:large","max-video-preview":"max-video-preview:-1"},"canonical":"https:\/\/www.statlook.com\/ro\/maintenance-plan\/","og_locale":"ro_RO","og_type":"article","og_title":"Comanda\u021bi Mentenan\u021b\u0103 a Sistemului de Management IT Statlook","og_description":"Asisten\u021ba Statlook oferit\u0103 ca o parte a cooper\u0103rii. Folosi\u021bi cuno\u0219tin\u021bele speciali\u0219tilor cu experien\u021b\u0103, care v\u0103 ajut\u0103 cu mare pl\u0103cere s\u0103 rezolva\u021bi orice problem\u0103","og_url":"https:\/\/www.statlook.com\/ro\/maintenance-plan\/","og_site_name":"Statlook RO","article_modified_time":"2021-04-23T11:26:19+00:00","twitter_card":"summary_large_image","schema":{"@context":"https:\/\/schema.org","@graph":[{"@type":"WebPage","@id":"https:\/\/www.statlook.com\/ro\/maintenance-plan\/","url":"https:\/\/www.statlook.com\/ro\/maintenance-plan\/","name":"Comanda\u021bi Mentenan\u021b\u0103 a Sistemului de Management IT Statlook","isPartOf":{"@id":"https:\/\/www.statlook.com\/ro\/#website"},"datePublished":"2019-11-11T14:12:29+00:00","dateModified":"2021-04-23T11:26:19+00:00","description":"Asisten\u021ba Statlook oferit\u0103 ca o parte a cooper\u0103rii. Folosi\u021bi cuno\u0219tin\u021bele speciali\u0219tilor cu experien\u021b\u0103, care v\u0103 ajut\u0103 cu mare pl\u0103cere s\u0103 rezolva\u021bi orice problem\u0103","breadcrumb":{"@id":"https:\/\/www.statlook.com\/ro\/maintenance-plan\/#breadcrumb"},"inLanguage":"ro-RO","potentialAction":[{"@type":"ReadAction","target":["https:\/\/www.statlook.com\/ro\/maintenance-plan\/"]}]},{"@type":"BreadcrumbList","@id":"https:\/\/www.statlook.com\/ro\/maintenance-plan\/#breadcrumb","itemListElement":[{"@type":"ListItem","position":1,"name":"Strona g\u0142\u00f3wna","item":"https:\/\/www.statlook.com\/ro\/"},{"@type":"ListItem","position":2,"name":"Mentenan\u021b\u0103"}]},{"@type":"WebSite","@id":"https:\/\/www.statlook.com\/ro\/#website","url":"https:\/\/www.statlook.com\/ro\/","name":"Statlook RO","description":"rumu\u0144ska wersja strony statlook","potentialAction":[{"@type":"SearchAction","target":{"@type":"EntryPoint","urlTemplate":"https:\/\/www.statlook.com\/ro\/?s={search_term_string}"},"query-input":{"@type":"PropertyValueSpecification","valueRequired":true,"valueName":"search_term_string"}}],"inLanguage":"ro-RO"}]}},"_links":{"self":[{"href":"https:\/\/www.statlook.com\/ro\/wp-json\/wp\/v2\/pages\/2137","targetHints":{"allow":["GET"]}}],"collection":[{"href":"https:\/\/www.statlook.com\/ro\/wp-json\/wp\/v2\/pages"}],"about":[{"href":"https:\/\/www.statlook.com\/ro\/wp-json\/wp\/v2\/types\/page"}],"author":[{"embeddable":true,"href":"https:\/\/www.statlook.com\/ro\/wp-json\/wp\/v2\/users\/1"}],"replies":[{"embeddable":true,"href":"https:\/\/www.statlook.com\/ro\/wp-json\/wp\/v2\/comments?post=2137"}],"version-history":[{"count":3,"href":"https:\/\/www.statlook.com\/ro\/wp-json\/wp\/v2\/pages\/2137\/revisions"}],"predecessor-version":[{"id":43721,"href":"https:\/\/www.statlook.com\/ro\/wp-json\/wp\/v2\/pages\/2137\/revisions\/43721"}],"wp:attachment":[{"href":"https:\/\/www.statlook.com\/ro\/wp-json\/wp\/v2\/media?parent=2137"}],"curies":[{"name":"wp","href":"https:\/\/api.w.org\/{rel}","templated":true}]}}